{"id":125,"date":"2022-09-25T15:07:55","date_gmt":"2022-09-25T14:07:55","guid":{"rendered":"http:\/\/cuendet.com\/komma-igang-med-casual-dating-webbplatser\/"},"modified":"2022-12-14T15:26:03","modified_gmt":"2022-12-14T15:26:03","slug":"komma-igang-med-casual-dating-webbplatser","status":"publish","type":"page","link":"https:\/\/cuendet.com\/sv\/","title":{"rendered":"Komma ig\u00e5ng med casual dating webbplatser"},"content":{"rendered":"<p>Internet \u00e4r fullt av m\u00e4nniskor som vill hitta k\u00e4rlek, sex, s\u00e4llskap eller helt enkelt kul. Oavsett om du vill g\u00e5 ut p\u00e5 datum, ansluta online eller helt enkelt njuta av avslappnade m\u00f6ten, finns det m\u00e5nga alternativ f\u00f6r att hitta likasinnade individer. Men saker \u00e4r inte alltid s\u00e5 enkla som de verkar. Det finns m\u00e5nga olika typer av dejtingsajter och appar, och var och en erbjuder n\u00e5got unikt. Till exempel tillgodoser vissa webbplatser specifikt dem som s\u00f6ker l\u00e5ngsiktiga relationer, medan andra fokuserar p\u00e5 kortsiktiga flings. Vissa erbjuder till och med betalda medlemskap f\u00f6r att s\u00e4kerst\u00e4lla att b\u00e5da parter \u00e4r n\u00f6jda.<\/p>\n<h3>S\u00e4kerhet<\/h3>\n<p>Medan de flesta webbplatser och appar h\u00e4vdar att de \u00e4r s\u00e4kra, l\u00f6nar det sig att vidta f\u00f6rsiktighets\u00e5tg\u00e4rder. Det finns faktiskt flera s\u00e4tt att skydda dig sj\u00e4lv. F\u00f6r det f\u00f6rsta, avsl\u00f6ja aldrig f\u00f6r mycket om dig sj\u00e4lv. Om du g\u00f6r det kan du sluta dela k\u00e4nslig information som din adress, telefonnummer, e-post eller sociala mediekonton. Detta inkluderar att ber\u00e4tta f\u00f6r n\u00e5gon hur gammal eller ung du \u00e4r, om du arbetar utanf\u00f6r hemmet och allt annat som kan identifiera dig. F\u00f6r det andra, undvik att ge ut f\u00f6r mycket personlig information. Du b\u00f6r inte l\u00e4gga upp bilder p\u00e5 dig sj\u00e4lv utan att b\u00e4ra kl\u00e4der, f\u00f6r det g\u00f6r det l\u00e4tt f\u00f6r fr\u00e4mlingar att k\u00e4nna igen dig. F\u00f6r det tredje, kolla in recensioner av webbplatsen eller appen du planerar att anv\u00e4nda. Dessa dagar finns det massor av online-resurser som l\u00e5ter dig l\u00e4sa feedback fr\u00e5n riktiga kunder. Slutligen, betala aldrig i f\u00f6rskott f\u00f6r medlemsavgifter. Registrera dig ist\u00e4llet f\u00f6r gratis provperioder och se hur du k\u00e4nner f\u00f6r upplevelsen. Om det inte lever upp till dina f\u00f6rv\u00e4ntningar, avsluta ditt konto omedelbart.<\/p>\n<h2>Hur dejtingsajter fungerar<\/h2>\n<p>Internet ger m\u00e5nga m\u00f6jligheter f\u00f6r m\u00e4nniskor att hitta k\u00e4rlek, romantik, v\u00e4nskap och till och med avslappnad sex. Det finns dock olika typer av dejtingappar, vissa gratis medan andra tar ut pengar. Det finns ocks\u00e5 webbplatser d\u00e4r du kan tr\u00e4ffa n\u00e5gon utan att betala n\u00e5got alls. Varje typ av webbplats erbjuder n\u00e5got unikt, oavsett om det \u00e4r ett enkelt s\u00e4tt att chatta eller <a href=\"http:\/\/www.treffisivusto.com\">Treffisivusto.com<\/a> ett komplett matchmaking-verktyg. S\u00e5 vad \u00e4r egentligen skillnaden mellan gratis och betalda anslutningssidor? L\u00e5t oss ta en titt.<\/p>\n<h2>Guide<\/h2>\n<p>Anslutningar blir alltmer popul\u00e4ra bland \u00e5rtusenden som letar efter avslappnad sex. Men att hitta n\u00e5gon som \u00e4r villig att tr\u00e4ffas \u00e4r inte alltid l\u00e4tt. Vissa m\u00e4nniskor f\u00f6redrar att tr\u00e4ffa fr\u00e4mlingar online, medan andra vill hitta likasinnade v\u00e4nner. Det \u00e4r d\u00e4r dejtingappar spelar in.<\/p>\n<p>Vi tittade p\u00e5 flera olika typer av dejtingappar och webbplatser f\u00f6r vuxna f\u00f6r att se vad som g\u00f6r att var och en sticker ut.<\/p>\n<h3>Pof<\/h3>\n<p>\u00c5r 2017 f\u00f6rv\u00e4rvade Match Group PlentyOfFish f\u00f6r 575 miljoner dollar. Nu vill man g\u00f6ra ytterligare ett st\u00e4nkigt f\u00f6rv\u00e4rv \u2013 det h\u00e4r som syftar till att hj\u00e4lpa m\u00e4nniskor att hitta k\u00e4rleken. P\u00e5 tisdagen meddelade dejtingj\u00e4tten att den hade samlat in en finansieringsrunda ledd av Goldman Sachs, vilket gav 50 miljoner dollar.<\/p>\n<p>F\u00f6retaget s\u00e4ger att det planerar att anv\u00e4nda pengarna f\u00f6r att bygga ut sin premiummedlemsprodukt, seeking.com, som lanserades 2016 och nu har \u00f6ver 7 miljoner medlemmar. F\u00f6rutom de standardfunktioner som finns p\u00e5 de flesta dejtingsplattformar erbjuder seeking.com en omfattande upps\u00e4ttning verktyg som \u00e4r utformade speciellt f\u00f6r att hj\u00e4lpa m\u00e4nniskor att tr\u00e4ffa andra. Till exempel till\u00e5ter webbplatsen anv\u00e4ndare att filtrera potentiella matchningar baserat p\u00e5 \u00e5lder, k\u00f6n, plats, relationsstatus, sexuell l\u00e4ggning, religion, utbildningsniv\u00e5, h\u00f6jd, vikt, intressen och hobbyer.<\/p>\n<h3>K\u00e4nde<\/h3>\n<p>Feeld \u00e4r en avslappnad dejtingapp designad f\u00f6r m\u00e4nniskor som letar efter k\u00e4rlek inom HBTQ-samh\u00e4llet. Appen l\u00e5ter dig bl\u00e4ddra bland profiler baserat p\u00e5 sexuell l\u00e4ggning och k\u00f6nsidentitet. Du kan ladda upp foton, kolla in medlemmarnas bios och skicka meddelanden utan att beh\u00f6va betala n\u00e5got i f\u00f6rv\u00e4g.<\/p>\n<p>Appen har ett brett spektrum av k\u00f6n och inriktningar, inklusive bisexuell, pansexuell, transperson och till och med agender. Anv\u00e4ndare kan v\u00e4lja om de vill se m\u00e4n, kvinnor, b\u00e5da eller varken. Det finns inga begr\u00e4nsningar f\u00f6r \u00e5lder, ras, religion eller plats.<\/p>\n<h3>Fn\u00f6ske<\/h3>\n<p>Tinder \u00e4r en av de mest popul\u00e4ra dejtingapparna d\u00e4r ute. Men det \u00e4r inte gratis. Du m\u00e5ste betala f\u00f6r att anv\u00e4nda appen &#8211; antingen via en prenumerationsplan eller via en betald version som heter Tinder Gold. Om du vill prova det, h\u00e4r \u00e4r n\u00e5gra saker att veta om Tinder Gold:<\/p>\n<ul>\n<li>Tinder Gold ger dig tillg\u00e5ng till extra funktioner som att svepa \u00e5t v\u00e4nster \/ h\u00f6ger, gilla foton och skicka meddelanden.<\/li>\n<li>Det finns sju olika planer f\u00f6r Tinder Gold, allt fr\u00e5n $ 2.99 per m\u00e5nad till $ 19.95 per m\u00e5nad.<\/li>\n<li>Varje plan inneh\u00e5ller tre dagar med obegr\u00e4nsade matcher, plus 10 svep per dag.<\/li>\n<li>Efter betalning kan du avbryta n\u00e4r som helst inom 30 dagar.<\/li>\n<li>Ditt kreditkort debiteras inte om du inte v\u00e4ljer att prenumerera.<\/li>\n<li>Du kan uppgradera till Tinder Plus f\u00f6r $ 9.99 per m\u00e5nad, vilket l\u00e4gger till 24 timmars anv\u00e4ndning, obegr\u00e4nsade likes och inga annonser.<\/li>\n<\/ul>\n<h3>Alt<\/h3>\n<p>Alt.com \u00e4r en BDSM-anslutningsplats baserad i San Francisco. Det erbjuder en gratis provperiod d\u00e4r du kan titta p\u00e5 videor och chatta med m\u00e4nniskor online. Du kan uppgradera till en betald prenumeration f\u00f6r $ 9.99 per m\u00e5nad. Detta inkluderar obegr\u00e4nsad tillg\u00e5ng till webbplatsens bibliotek med porrklipp och live webbkamera sexshower. Det finns inga dolda avgifter h\u00e4r. Om du vill g\u00e5 l\u00e4ngre in i v\u00e4rlden av kinky sex finns det en annan niv\u00e5 av medlemskap som heter Platinum Membership. F\u00f6r $ 34.99 per m\u00e5nad kan du njuta av exklusiva funktioner inklusive 24\/7 kundsupport, premium webbkameror, privata meddelandesystem och mycket mer.<\/p>\n<h3>Aff<\/h3>\n<p>Adult Friend Finder (AFF), en av de \u00e4ldsta dejtingsajterna runt, p\u00e5st\u00e5r sig ha \u00f6ver 80 miljoner registrerade medlemmar. AFF erbjuder chattrum, anslagstavlor, forum, fotoalbum, videochattar, webbkamerafl\u00f6den, e-post, snabbmeddelanden, mobilappar, telefonnummer, webbkameror och till och med sociala n\u00e4tverksfunktioner. Om du vill hitta n\u00e5gon speciell \u00e4r det f\u00f6rmodligen v\u00e4rt att prova AFF.<\/p>\n<h3>AshleyMadison.com<\/h3>\n<p>AshleyMadison.com \u00e4r en av v\u00e4rldens st\u00f6rsta dejtingsajter. Det p\u00e5st\u00e5r sig ha \u00f6ver 30 miljoner medlemmar \u00f6ver hela v\u00e4rlden och \u00e4r k\u00e4nt f\u00f6r att vara diskret om vad det g\u00f6r. Dess slogan \u00e4r &#8221;Livet \u00e4r kort. Ha en aff\u00e4r.&#8221;<\/p>\n<p>Webbplatsen till\u00e5ter m\u00e4nniskor att leta upp andra baserat p\u00e5 plats och intressen. Du kan bl\u00e4ddra bland profiler och skicka meddelanden gratis. Om du vill g\u00f6ra mer \u00e4n att bara prata online kan du dock betala f\u00f6r att uppgradera till olika medlemsniv\u00e5er. Det finns tre niv\u00e5er: Basic ($ 19.95 \/ m\u00e5nad), Silver ($ 39.95 \/ m\u00e5nad), Guld ($ 69.95 \/ m\u00e5nad). Varje niv\u00e5 ger dig tillg\u00e5ng till ytterligare funktioner som snabbmeddelanden, videochatt, e-post, telefonsamtal och rabatter p\u00e5 hotell.<\/p>\n<p>Du kan anv\u00e4nda webbplatsen anonymt, men det finns s\u00e4tt att f\u00e5 dig att sticka ut. Ett s\u00e4tt \u00e4r att registrera sig under ett falskt namn. Ett annat s\u00e4tt \u00e4r att ladda upp ett foto av dig sj\u00e4lv. Detta l\u00e5ter dig se foton av andra utan att beh\u00f6va g\u00e5 igenom besv\u00e4ret med att skapa ett konto. Slutligen kan du k\u00f6pa premiumkonton som inkluderar extra f\u00f6rdelar som specialerbjudanden f\u00f6r resor och g\u00e5vor.<\/p>\n<h3>SwapFinder<\/h3>\n<p>Om du letar efter en plats d\u00e4r m\u00e4nniskor \u00e4r \u00f6ppna f\u00f6r att sv\u00e4nga, finns det ingen brist p\u00e5 alternativ d\u00e4r ute. Men vissa webbplatser \u00e4r inte riktigt vad de verkar, s\u00e4rskilt SwapFinder.com, en gratis online-dejtingsajt som \u00e4r en del av vuxenanslutningsappf\u00f6retaget Friend Finder Networks.<\/p>\n<p>Webbplatsen p\u00e5st\u00e5r sig vara det st\u00f6rsta sociala swingersn\u00e4tverket i v\u00e4rlden. Och \u00e4ven om det finns gott om bevis f\u00f6r att st\u00f6dja det p\u00e5st\u00e5endet, \u00e4r det viktigt att notera att webbplatsen faktiskt inte drivs av swingers alls. Ist\u00e4llet \u00e4gs det av samma moderbolag som \u00e4ger AdultFriendFinder.<\/p>\n<p>Vad jag kan ber\u00e4tta om webbplatsen \u00e4r att den erbjuder m\u00e5nga funktioner som g\u00f6r det enkelt att hitta n\u00e5gon som delar dina livsstilspreferenser. Du kan bl\u00e4ddra bland profiler baserat p\u00e5 plats, sexuell l\u00e4ggning, \u00e5ldersintervall, k\u00f6n och mycket mer. Det finns ocks\u00e5 kategorier som &#8221;swingersklubbar&#8221;, &#8221;swingerfester&#8221; och till och med &#8221;par som s\u00f6ker singlar.&#8221;<\/p>\n<h2>Hur vi bed\u00f6mer v\u00e5ra webbplatser<\/h2>\n<p>Vi utv\u00e4rderar webbplatser baserat p\u00e5 fyra nyckelkriterier: funktionalitet, funktioner, design och support. Vi tittar noga p\u00e5 hur bra varje webbplats fungerar, vilka funktioner den erbjuder, hur l\u00e4tt den \u00e4r att navigera och om det finns kundsupport tillg\u00e4nglig 24\/7. Den viktigaste aspekten av att v\u00e4lja en dejtingsajt \u00e4r att hitta en som fungerar f\u00f6r dig. Du vill hitta n\u00e5gon som gillar dig lika mycket som du gillar honom eller henne. Det \u00e4r d\u00e4rf\u00f6r vi testar varje enskild webbplats vi rekommenderar. V\u00e5ra experter g\u00e5r ut\u00f6ver grundl\u00e4ggande m\u00e4tv\u00e4rden som antal medlemmar och kostnad och dyker in i saker som medlemsaktivitet, profilvisningar, meddelandepriser och mer. De j\u00e4mf\u00f6r till och med de st\u00f6rsta namnen i branschen f\u00f6r att se vilka som verkligen sticker ut.<\/p>\n<p>Att ansluta \u00e4r en av de termer som du h\u00f6r om varje dag, oavsett om du \u00e4r intresserad av det eller inte. Men vad betyder det exakt? Vad beh\u00f6ver du veta om det? Vi bad v\u00e5ra experter att ge oss nedg\u00e5ngen i hur man anv\u00e4nder detta ord korrekt. S\u00e5 h\u00e4r har vi sett till att alla v\u00e5ra recensioner \u00e4r r\u00e4tt f\u00f6r dig.<\/p>\n<h2>Hur man hittar r\u00e4tt webbplats f\u00f6r dig<\/h2>\n<p>Det b\u00e4sta s\u00e4ttet att ta reda p\u00e5 vilken typ av webbplats du vill g\u00e5 med \u00e4r att ta en titt runt. Det finns m\u00e5nga olika typer av anslutningssidor, och medan vissa \u00e4r gratis, kr\u00e4ver andra en prenumerationsavgift. Om du \u00e4r intresserad av att hitta n\u00e5gon f\u00f6r ett one night stand kan du prova ett maturbate.com-konto, d\u00e4r du kan bl\u00e4ddra bland profiler och skicka meddelanden utan att betala n\u00e5got. Om du hellre vill tr\u00e4ffa m\u00e4nniskor online och g\u00e5 p\u00e5 datum, kolla in SeekingArrangement.com, OKCupid, Match.com, AdultFriendFinder.com och PlentyOfFish.com. Varje webbplats erbjuder n\u00e5got lite annorlunda, s\u00e5 det \u00e4r upp till dig att best\u00e4mma vilken som fungerar b\u00e4st f\u00f6r dig.<\/p>\n","protected":false},"excerpt":{"rendered":"<p>Internet \u00e4r fullt av m\u00e4nniskor som vill hitta k\u00e4rlek, sex, s\u00e4llskap eller helt enkelt kul. Oavsett om du vill g\u00e5 ut p\u00e5 datum, ansluta online eller helt enkelt njuta av avslappnade m\u00f6ten, finns det m\u00e5nga alternativ f\u00f6r att hitta likasinnade individer. Men saker \u00e4r inte alltid s\u00e5 enkla som de verkar. Det finns m\u00e5nga olika &#8230; <a title=\"Komma ig\u00e5ng med casual dating webbplatser\" class=\"read-more\" href=\"https:\/\/cuendet.com\/sv\/\" aria-label=\"Mer p\u00e5 Komma ig\u00e5ng med casual dating webbplatser\">L\u00e4s mer<\/a><\/p>\n","protected":false},"author":1,"featured_media":83,"parent":0,"menu_order":0,"comment_status":"closed","ping_status":"closed","template":"","meta":[],"yoast_head":"<!-- This site is optimized with the Yoast SEO plugin v17.7.1 - https:\/\/yoast.com\/wordpress\/plugins\/seo\/ -->\n<title>Komma ig\u00e5ng med casual dating webbplatser - Dating Recensioner<\/title>\n<meta name=\"robots\" content=\"index, follow, max-snippet:-1, max-image-preview:large, max-video-preview:-1\" \/>\n<link rel=\"canonical\" href=\"https:\/\/cuendet.com\/sv\/\" \/>\n<meta property=\"og:locale\" content=\"sv_SE\" \/>\n<meta property=\"og:type\" content=\"article\" \/>\n<meta property=\"og:title\" content=\"Komma ig\u00e5ng med casual dating webbplatser - Dating Recensioner\" \/>\n<meta property=\"og:description\" content=\"Internet \u00e4r fullt av m\u00e4nniskor som vill hitta k\u00e4rlek, sex, s\u00e4llskap eller helt enkelt kul. Oavsett om du vill g\u00e5 ut p\u00e5 datum, ansluta online eller helt enkelt njuta av avslappnade m\u00f6ten, finns det m\u00e5nga alternativ f\u00f6r att hitta likasinnade individer. Men saker \u00e4r inte alltid s\u00e5 enkla som de verkar. Det finns m\u00e5nga olika ... L\u00e4s mer\" \/>\n<meta property=\"og:url\" content=\"https:\/\/cuendet.com\/sv\/\" \/>\n<meta property=\"og:site_name\" content=\"Dating Network\" \/>\n<meta property=\"article:modified_time\" content=\"2022-12-14T15:26:03+00:00\" \/>\n<meta property=\"og:image\" content=\"http:\/\/cuendet.com\/wp-content\/uploads\/2022\/09\/adult-hookup-reviews.jpeg\" \/>\n\t<meta property=\"og:image:width\" content=\"2250\" \/>\n\t<meta property=\"og:image:height\" content=\"1500\" \/>\n<meta name=\"twitter:card\" content=\"summary_large_image\" \/>\n<meta name=\"twitter:label1\" content=\"Ber\u00e4knad l\u00e4stid\" \/>\n\t<meta name=\"twitter:data1\" content=\"9 minuter\" \/>\n<script type=\"application\/ld+json\" class=\"yoast-schema-graph\">{\"@context\":\"https:\/\/schema.org\",\"@graph\":[{\"@type\":\"WebSite\",\"@id\":\"https:\/\/cuendet.com\/sv\/#website\",\"url\":\"https:\/\/cuendet.com\/sv\/\",\"name\":\"Dating Network\",\"description\":\"Local Guides\",\"potentialAction\":[{\"@type\":\"SearchAction\",\"target\":{\"@type\":\"EntryPoint\",\"urlTemplate\":\"https:\/\/cuendet.com\/sv\/?s={search_term_string}\"},\"query-input\":\"required name=search_term_string\"}],\"inLanguage\":\"sv-SE\"},{\"@type\":\"ImageObject\",\"@id\":\"https:\/\/cuendet.com\/sv\/#primaryimage\",\"inLanguage\":\"sv-SE\",\"url\":\"https:\/\/cuendet.com\/wp-content\/uploads\/2022\/09\/adult-hookup-reviews.jpeg\",\"contentUrl\":\"https:\/\/cuendet.com\/wp-content\/uploads\/2022\/09\/adult-hookup-reviews.jpeg\",\"width\":2250,\"height\":1500},{\"@type\":\"WebPage\",\"@id\":\"https:\/\/cuendet.com\/sv\/#webpage\",\"url\":\"https:\/\/cuendet.com\/sv\/\",\"name\":\"Komma ig\\u00e5ng med casual dating webbplatser - Dating Recensioner\",\"isPartOf\":{\"@id\":\"https:\/\/cuendet.com\/sv\/#website\"},\"primaryImageOfPage\":{\"@id\":\"https:\/\/cuendet.com\/sv\/#primaryimage\"},\"datePublished\":\"2022-09-25T14:07:55+00:00\",\"dateModified\":\"2022-12-14T15:26:03+00:00\",\"breadcrumb\":{\"@id\":\"https:\/\/cuendet.com\/sv\/#breadcrumb\"},\"inLanguage\":\"sv-SE\",\"potentialAction\":[{\"@type\":\"ReadAction\",\"target\":[\"https:\/\/cuendet.com\/sv\/\"]}]},{\"@type\":\"BreadcrumbList\",\"@id\":\"https:\/\/cuendet.com\/sv\/#breadcrumb\",\"itemListElement\":[{\"@type\":\"ListItem\",\"position\":1,\"name\":\"Home\",\"item\":\"http:\/\/cuendet.com\/sv\/\"},{\"@type\":\"ListItem\",\"position\":2,\"name\":\"Komma ig\\u00e5ng med casual dating webbplatser\"}]}]}<\/script>\n<!-- \/ Yoast SEO plugin. -->","yoast_head_json":{"title":"Komma ig\u00e5ng med casual dating webbplatser - Dating Recensioner","robots":{"index":"index","follow":"follow","max-snippet":"max-snippet:-1","max-image-preview":"max-image-preview:large","max-video-preview":"max-video-preview:-1"},"canonical":"https:\/\/cuendet.com\/sv\/","og_locale":"sv_SE","og_type":"article","og_title":"Komma ig\u00e5ng med casual dating webbplatser - Dating Recensioner","og_description":"Internet \u00e4r fullt av m\u00e4nniskor som vill hitta k\u00e4rlek, sex, s\u00e4llskap eller helt enkelt kul. Oavsett om du vill g\u00e5 ut p\u00e5 datum, ansluta online eller helt enkelt njuta av avslappnade m\u00f6ten, finns det m\u00e5nga alternativ f\u00f6r att hitta likasinnade individer. Men saker \u00e4r inte alltid s\u00e5 enkla som de verkar. Det finns m\u00e5nga olika ... L\u00e4s mer","og_url":"https:\/\/cuendet.com\/sv\/","og_site_name":"Dating Network","article_modified_time":"2022-12-14T15:26:03+00:00","og_image":[{"width":2250,"height":1500,"url":"http:\/\/cuendet.com\/wp-content\/uploads\/2022\/09\/adult-hookup-reviews.jpeg","type":"image\/jpeg"}],"twitter_card":"summary_large_image","twitter_misc":{"Ber\u00e4knad l\u00e4stid":"9 minuter"},"schema":{"@context":"https:\/\/schema.org","@graph":[{"@type":"WebSite","@id":"https:\/\/cuendet.com\/sv\/#website","url":"https:\/\/cuendet.com\/sv\/","name":"Dating Network","description":"Local Guides","potentialAction":[{"@type":"SearchAction","target":{"@type":"EntryPoint","urlTemplate":"https:\/\/cuendet.com\/sv\/?s={search_term_string}"},"query-input":"required name=search_term_string"}],"inLanguage":"sv-SE"},{"@type":"ImageObject","@id":"https:\/\/cuendet.com\/sv\/#primaryimage","inLanguage":"sv-SE","url":"https:\/\/cuendet.com\/wp-content\/uploads\/2022\/09\/adult-hookup-reviews.jpeg","contentUrl":"https:\/\/cuendet.com\/wp-content\/uploads\/2022\/09\/adult-hookup-reviews.jpeg","width":2250,"height":1500},{"@type":"WebPage","@id":"https:\/\/cuendet.com\/sv\/#webpage","url":"https:\/\/cuendet.com\/sv\/","name":"Komma ig\u00e5ng med casual dating webbplatser - Dating Recensioner","isPartOf":{"@id":"https:\/\/cuendet.com\/sv\/#website"},"primaryImageOfPage":{"@id":"https:\/\/cuendet.com\/sv\/#primaryimage"},"datePublished":"2022-09-25T14:07:55+00:00","dateModified":"2022-12-14T15:26:03+00:00","breadcrumb":{"@id":"https:\/\/cuendet.com\/sv\/#breadcrumb"},"inLanguage":"sv-SE","potentialAction":[{"@type":"ReadAction","target":["https:\/\/cuendet.com\/sv\/"]}]},{"@type":"BreadcrumbList","@id":"https:\/\/cuendet.com\/sv\/#breadcrumb","itemListElement":[{"@type":"ListItem","position":1,"name":"Home","item":"http:\/\/cuendet.com\/sv\/"},{"@type":"ListItem","position":2,"name":"Komma ig\u00e5ng med casual dating webbplatser"}]}]}},"_links":{"self":[{"href":"https:\/\/cuendet.com\/sv\/wp-json\/wp\/v2\/pages\/125"}],"collection":[{"href":"https:\/\/cuendet.com\/sv\/wp-json\/wp\/v2\/pages"}],"about":[{"href":"https:\/\/cuendet.com\/sv\/wp-json\/wp\/v2\/types\/page"}],"author":[{"embeddable":true,"href":"https:\/\/cuendet.com\/sv\/wp-json\/wp\/v2\/users\/1"}],"replies":[{"embeddable":true,"href":"https:\/\/cuendet.com\/sv\/wp-json\/wp\/v2\/comments?post=125"}],"version-history":[{"count":1,"href":"https:\/\/cuendet.com\/sv\/wp-json\/wp\/v2\/pages\/125\/revisions"}],"predecessor-version":[{"id":296,"href":"https:\/\/cuendet.com\/sv\/wp-json\/wp\/v2\/pages\/125\/revisions\/296"}],"wp:featuredmedia":[{"embeddable":true,"href":"https:\/\/cuendet.com\/sv\/wp-json\/wp\/v2\/media\/83"}],"wp:attachment":[{"href":"https:\/\/cuendet.com\/sv\/wp-json\/wp\/v2\/media?parent=125"}],"curies":[{"name":"wp","href":"https:\/\/api.w.org\/{rel}","templated":true}]}}