{"id":123,"date":"2022-09-25T15:07:55","date_gmt":"2022-09-25T14:07:55","guid":{"rendered":"http:\/\/cuendet.com\/comecar-com-sites-de-namoro-casual\/"},"modified":"2022-12-14T15:24:54","modified_gmt":"2022-12-14T15:24:54","slug":"comecar-com-sites-de-namoro-casual","status":"publish","type":"page","link":"https:\/\/cuendet.com\/pt-pt\/","title":{"rendered":"Come\u00e7ar com sites de namoro casual"},"content":{"rendered":"<p>A internet est\u00e1 cheia de pessoas que procuram amor, sexo, companheirismo, ou apenas divers\u00e3o. Quer queira sair em encontros, ligar-se online ou simplesmente desfrutar de encontros casuais, existem muitas op\u00e7\u00f5es para encontrar indiv\u00edduos semelhantes. No entanto, as coisas nem sempre s\u00e3o t\u00e3o simples como parecem. Existem muitos tipos diferentes de sites e aplicativos de namoro, e cada um oferece algo \u00fanico. Por exemplo, alguns sites atendem especificamente \u00e0queles que procuram relacionamentos de longo prazo, enquanto outros se concentram em aventuras de curto prazo. Alguns at\u00e9 oferecem ades\u00f5es pagas para ajudar a garantir que ambas as partes est\u00e3o satisfeitas.<\/p>\n<h3>Seguran\u00e7a<\/h3>\n<p>Embora a maioria dos sites e aplica\u00e7\u00f5es adusem ser seguros, compensa tomar precau\u00e7\u00f5es. Na verdade, h\u00e1 v\u00e1rias maneiras de se proteger <a href=\"http:\/\/www.sites-de-sexo.com\">Sites-de-sexo.com<\/a>. Primeiro, nunca revele muito sobre si mesmo. Se o fizer, poder\u00e1 acabar por partilhar informa\u00e7\u00f5es sens\u00edveis como o seu endere\u00e7o, n\u00famero de telefone, e-mail ou contas nas redes sociais. Isto inclui dizer a algu\u00e9m a idade ou jovem que tem, se trabalha fora de casa, e qualquer outra coisa que possa identific\u00e1-lo. Segundo, evite dar demasiada informa\u00e7\u00e3o pessoal. N\u00e3o devias publicar fotografias tuas sem usar roupa, porque isso torna mais f\u00e1cil para estranhos reconhec\u00ea-lo. Em terceiro lugar, confira as avalia\u00e7\u00f5es do site ou app que pretende utilizar. Hoje em dia, existem toneladas de recursos online que permitem ler feedback de clientes reais. Finalmente, nunca pague antecipadamente as taxas de ades\u00e3o. Em vez disso, inscreva-se para testes gratuitos e veja o que sente sobre a experi\u00eancia. Se n\u00e3o corresponder \u00e0s suas expectativas, cancele a sua conta imediatamente.<\/p>\n<h2>Como funcionam sites de namoro<\/h2>\n<p>A Internet oferece muitas oportunidades para as pessoas encontrarem amor, romance, amizade e at\u00e9 sexo casual. No entanto, existem diferentes tipos de aplicativos de namoro, alguns gratuitos, enquanto outros cobram dinheiro. H\u00e1 tamb\u00e9m sites onde voc\u00ea pode encontrar algu\u00e9m sem pagar nada. Cada tipo de site oferece algo \u00fanico, seja uma forma simples de conversar ou uma ferramenta de matchmaking completa. Ent\u00e3o, qual \u00e9 exatamente a diferen\u00e7a entre sites de encontros gratuitos e pagos? Vamos dar uma vista de olhos.<\/p>\n<h2>Guia<\/h2>\n<p>Os encontros est\u00e3o a tornar-se cada vez mais populares entre os millennials \u00e0 procura de sexo casual. Mas encontrar algu\u00e9m disposto a encontrar-se nem sempre \u00e9 f\u00e1cil. Algumas pessoas preferem conhecer estranhos online, enquanto outras querem encontrar amigos semelhantes. \u00c9 a\u00ed que entram os aplicativos de namoro.<\/p>\n<p>Olhamos para v\u00e1rios tipos diferentes de aplicativos e sites de namoro para adultos para ver o que faz cada um sobressa\u00ed.<\/p>\n<h3>POF<\/h3>\n<p>Em 2017, a Match Group adquiriu a PlentyOfFish por 575 milh\u00f5es de d\u00f3lares y <a href=\"http:\/\/www.encontros-para-sexo.com\">Encontros-para-sexo.com<\/a>. Agora est\u00e1 \u00e0 procura de fazer outra aquisi\u00e7\u00e3o splashy &#8211; esta que visa ajudar as pessoas a encontrar o amor. Na ter\u00e7a-feira, o gigante do namoro anunciou que tinha angariado uma ronda de financiamento liderada pelo Goldman Sachs, arrecadando 50 milh\u00f5es de d\u00f3lares.<\/p>\n<p>A empresa diz que planeia usar o dinheiro para construir o seu produto de ades\u00e3o premium, seeking.com, que foi lan\u00e7ado em 2016 e conta agora com mais de 7 milh\u00f5es de membros. Al\u00e9m das funcionalidades padr\u00e3o encontradas na maioria das plataformas de encontros, seeking.com oferece um vasto conjunto de ferramentas desenhadas especificamente para ajudar as pessoas a conhecer outras pessoas. Por exemplo, o site permite que os utilizadores filtram potenciais partidas com base na idade, sexo, localiza\u00e7\u00e3o, estado de relacionamento, orienta\u00e7\u00e3o sexual, religi\u00e3o, n\u00edvel de educa\u00e7\u00e3o, altura, peso, interesses e passatempos.<\/p>\n<h3>Feeld<\/h3>\n<p>Feeld \u00e9 uma aplica\u00e7\u00e3o de encontros casuais projetada para pessoas que procuram amor dentro da comunidade LGBTQ. A aplica\u00e7\u00e3o permite-lhe navegar em perfis baseados <a href=\"https:\/\/www.sites-de-encontros.com\">Sites-de-encontros.com<\/a> na orienta\u00e7\u00e3o sexual e identidade de g\u00e9nero. Pode fazer o upload de fotos, verificar as biografias dos membros e enviar mensagens sem ter de pagar nada adiantado.<\/p>\n<p>A aplica\u00e7\u00e3o apresenta uma vasta gama de sexos e orienta\u00e7\u00f5es, incluindo bissexuais, pansexuais, transg\u00e9nero e at\u00e9 g\u00e9neros. Os utilizadores s\u00e3o capazes de escolher se querem ver homens, mulheres, ambos, ou nenhum dos dois. N\u00e3o h\u00e1 restri\u00e7\u00f5es \u00e0 idade, ra\u00e7a, religi\u00e3o ou localiza\u00e7\u00e3o.<\/p>\n<h3>Rio Tinder<\/h3>\n<p>O Tinder \u00e9 um dos aplicativos de encontros mais populares por a\u00ed. Mas n\u00e3o \u00e9 de gra\u00e7a. Tem de pagar para usar a app \u2014 seja atrav\u00e9s de um plano de subscri\u00e7\u00e3o ou atrav\u00e9s de uma vers\u00e3o paga chamada Tinder Gold. Se quiser experimentar, aqui est\u00e3o algumas coisas para saber sobre o Tinder Gold:<\/p>\n<ul>\n<li>O Tinder Gold d\u00e1-lhe acesso a funcionalidades extras como esfregar a esquerda\/direita, gostar de fotos e enviar mensagens.<\/li>\n<li>H\u00e1 sete planos diferentes para o Tinder Gold, que variam entre 2,99 d\u00f3lares por m\u00eas e 19,95 d\u00f3lares por m\u00eas.<\/li>\n<li>Cada plano inclui tr\u00eas dias de jogos ilimitados, mais 10 toques por dia.<\/li>\n<li>Depois de pagar, pode cancelar a qualquer momento dentro de 30 dias.<\/li>\n<li>O seu cart\u00e3o de cr\u00e9dito n\u00e3o ser\u00e1 cobrado a menos que opte por subscrever.<\/li>\n<li>Voc\u00ea pode fazer upgrade para o Tinder Plus por $9.99 por m\u00eas, o que adiciona 24 horas de uso, gostos ilimitados e sem an\u00fancios.<\/li>\n<\/ul>\n<h3>Rio Alt<\/h3>\n<p>Alt.com \u00e9 um site de liga\u00e7\u00e3o BDSM sediado em S\u00e3o Francisco. Oferece um per\u00edodo experimental gratuito onde pode ver v\u00eddeos e conversar com pessoas online. Pode fazer upgrade para uma subscri\u00e7\u00e3o paga por 9,99 d\u00f3lares por m\u00eas. Isto inclui acesso ilimitado \u00e0 biblioteca do site de clips pornogr\u00e1ficos e programas de sexo em webcam ao vivo. N\u00e3o h\u00e1 taxas escondidas aqui. Se queres ir mais longe no mundo do sexo perverso, h\u00e1 outro n\u00edvel de membro chamado Platinum Membership. Por $34.99 por m\u00eas, voc\u00ea pode desfrutar de funcionalidades exclusivas, incluindo suporte ao cliente 24\/7, webcams premium, sistema de mensagens privadas, e muito mais.<\/p>\n<h3>AFF<\/h3>\n<p>Adult Friend Finder (AFF), um dos sites de encontros mais antigos ao redor, afirma ter mais de 80 milh\u00f5es de membros registados. A AFF oferece salas de chat, quadros de mensagens, f\u00f3runs, \u00e1lbuns de fotos, chats de v\u00eddeo, feeds de webcam, e-mail, mensagens instant\u00e2neas, aplica\u00e7\u00f5es m\u00f3veis, n\u00fameros de telefone, webcams e at\u00e9 funcionalidades de redes sociais. Se queres encontrar algu\u00e9m especial, provavelmente vale a pena tentar.<\/p>\n<h3>AshleyMadison.com<\/h3>\n<p>AshleyMadison.com \u00e9 um dos maiores sites de encontros do mundo. Diz ter mais de 30 milh\u00f5es de membros em todo o mundo e \u00e9 conhecida por ser discreta sobre o que faz. O seu slogan \u00e9 &#8220;A vida \u00e9 curta. Ter um caso.<\/p>\n<p>O site permite que as pessoas procurem outras com base na localiza\u00e7\u00e3o e interesses. Pode navegar nos perfis e enviar mensagens gratuitamente. Se quiser fazer mais do que apenas falar online, no entanto, pode pagar para atualizar para diferentes n\u00edveis de ades\u00e3o. Existem tr\u00eas n\u00edveis: B\u00e1sico ($19,95\/m\u00eas), Prata ($39,95\/m\u00eas), Ouro ($69,95\/m\u00eas). Cada n\u00edvel d\u00e1-lhe acesso a funcionalidades adicionais como mensagens instant\u00e2neas, chat de v\u00eddeo, e-mail, chamadas telef\u00f3nicas e descontos em hot\u00e9is.<\/p>\n<p>Pode usar o site anonimamente, mas h\u00e1 maneiras de se destacar. Uma maneira \u00e9 inscrever-se com um nome falso. Outra maneira \u00e9 enviar uma foto de si mesmo. Isto permite-lhe ver fotos de outros sem ter de passar pelo inc\u00f3modo de criar uma conta. Finalmente, voc\u00ea pode comprar contas premium que incluem benef\u00edcios extra como ofertas especiais para viagens e presentes.<\/p>\n<h3>SwapFinder<\/h3>\n<p>Se procura um lugar onde as pessoas estejam abertas a baloi\u00e7ar, n\u00e3o faltam op\u00e7\u00f5es l\u00e1 fora. Mas alguns sites n\u00e3o s\u00e3o bem o que parecem, especialmente SwapFinder.com, um site de encontros online gratuito que faz parte da empresa de aplica\u00e7\u00f5es friend finder Networks.<\/p>\n<p>O site afirma ser a maior rede de swingers sociais do mundo. E embora haja muitas provas que corrompor\u00e3o essa afirma\u00e7\u00e3o, \u00e9 importante notar que o site n\u00e3o \u00e9 realmente gerido por swingers. Em vez disso, pertence \u00e0 mesma empresa-m\u00e3e que det\u00e9m a AdultFriendFinder.<\/p>\n<p>O que posso dizer sobre o site \u00e9 que ele oferece um monte de funcionalidades que facilitam encontrar algu\u00e9m que partilhe as suas prefer\u00eancias de estilo de vida. Voc\u00ea pode navegar perfis com base na localiza\u00e7\u00e3o, orienta\u00e7\u00e3o sexual, faixa et\u00e1ria, sexo e muito mais. H\u00e1 tamb\u00e9m categorias como &#8220;swingers clubs&#8221;, &#8220;swinger parties&#8221; e at\u00e9 &#8220;casais \u00e0 procura de solteiros&#8221;.<\/p>\n<h2>Como julgamos os nossos sites<\/h2>\n<p>Avaliamos os sites com base em quatro crit\u00e9rios fundamentais: funcionalidades, funcionalidades, design e suporte. Olhamos atentamente para o funcionamento de cada site, quais as funcionalidades que oferece, como \u00e9 f\u00e1cil navegar e se h\u00e1 apoio ao cliente dispon\u00edvel 24 horas por dia, 7 dias por semana. O aspeto mais importante de escolher um site de encontros \u00e9 encontrar um que funcione para si. Queres encontrar algu\u00e9m que goste tanto de ti como tu gostas dele ou dela. \u00c9 por isso que testamos todos os sites que recomendamos. Os nossos especialistas v\u00e3o al\u00e9m das m\u00e9tricas b\u00e1sicas, como o n\u00famero de membros e o custo e mergulham em coisas como atividade de membros, visualiza\u00e7\u00f5es de perfis, taxas de mensagens e muito mais. At\u00e9 comparam os maiores nomes da ind\u00fastria para ver quais realmente se destacam.<\/p>\n<p>A liga\u00e7\u00e3o \u00e9 um daqueles termos que se ouve todos os dias, quer esteja interessado ou n\u00e3o. Mas o que significa exatamente? O que precisas de saber sobre isso? Pedimos aos nossos peritos que nos dessem a informa\u00e7\u00e3o sobre como usar corretamente esta palavra. Foi assim que garantimos que todas as nossas cr\u00edticas s\u00e3o certas para si.<\/p>\n<h2>Como encontrar o local certo para si<\/h2>\n<p>A melhor maneira de descobrir que tipo de site voc\u00ea quer aderir \u00e9 dar uma olhada em volta. Existem muitos tipos diferentes de sites de liga\u00e7\u00e3o, e enquanto alguns s\u00e3o gratuitos, outros requerem uma taxa de subscri\u00e7\u00e3o. Se estiver interessado em encontrar algu\u00e9m para um caso de uma noite, experimente uma conta maturbate.com, onde pode navegar nos perfis e enviar mensagens sem pagar nada. Se prefere conhecer pessoas online e sair com SeekingArrangement.com, OKCupid, Match.com, AdultFriendFinder.com e PlentyOfFish.com. Cada site oferece algo ligeiramente diferente, por isso cabe-lhe a si decidir qual o melhor trabalho para si.<\/p>\n","protected":false},"excerpt":{"rendered":"<p>A internet est\u00e1 cheia de pessoas que procuram amor, sexo, companheirismo, ou apenas divers\u00e3o. Quer queira sair em encontros, ligar-se online ou simplesmente desfrutar de encontros casuais, existem muitas op\u00e7\u00f5es para encontrar indiv\u00edduos semelhantes. No entanto, as coisas nem sempre s\u00e3o t\u00e3o simples como parecem. Existem muitos tipos diferentes de sites e aplicativos de namoro, &#8230; <a title=\"Come\u00e7ar com sites de namoro casual\" class=\"read-more\" href=\"https:\/\/cuendet.com\/pt-pt\/\" aria-label=\"Mais sobre Come\u00e7ar com sites de namoro casual\">Ler mais<\/a><\/p>\n","protected":false},"author":1,"featured_media":81,"parent":0,"menu_order":0,"comment_status":"closed","ping_status":"closed","template":"","meta":[],"yoast_head":"<!-- This site is optimized with the Yoast SEO plugin v17.7.1 - https:\/\/yoast.com\/wordpress\/plugins\/seo\/ -->\n<title>Come\u00e7ar com sites de namoro casual - Coment\u00e1rios de Encontros<\/title>\n<meta name=\"robots\" content=\"index, follow, max-snippet:-1, max-image-preview:large, max-video-preview:-1\" \/>\n<link rel=\"canonical\" href=\"https:\/\/cuendet.com\/pt-pt\/\" \/>\n<meta property=\"og:locale\" content=\"pt_PT\" \/>\n<meta property=\"og:type\" content=\"article\" \/>\n<meta property=\"og:title\" content=\"Come\u00e7ar com sites de namoro casual - Coment\u00e1rios de Encontros\" \/>\n<meta property=\"og:description\" content=\"A internet est\u00e1 cheia de pessoas que procuram amor, sexo, companheirismo, ou apenas divers\u00e3o. Quer queira sair em encontros, ligar-se online ou simplesmente desfrutar de encontros casuais, existem muitas op\u00e7\u00f5es para encontrar indiv\u00edduos semelhantes. No entanto, as coisas nem sempre s\u00e3o t\u00e3o simples como parecem. Existem muitos tipos diferentes de sites e aplicativos de namoro, ... Ler mais\" \/>\n<meta property=\"og:url\" content=\"https:\/\/cuendet.com\/pt-pt\/\" \/>\n<meta property=\"og:site_name\" content=\"Dating Network\" \/>\n<meta property=\"article:modified_time\" content=\"2022-12-14T15:24:54+00:00\" \/>\n<meta property=\"og:image\" content=\"http:\/\/cuendet.com\/wp-content\/uploads\/2022\/09\/adult-hookup-reviews.jpeg\" \/>\n\t<meta property=\"og:image:width\" content=\"2250\" \/>\n\t<meta property=\"og:image:height\" content=\"1500\" \/>\n<meta name=\"twitter:card\" content=\"summary_large_image\" \/>\n<meta name=\"twitter:label1\" content=\"Tempo estimado de leitura\" \/>\n\t<meta name=\"twitter:data1\" content=\"9 minutos\" \/>\n<script type=\"application\/ld+json\" class=\"yoast-schema-graph\">{\"@context\":\"https:\/\/schema.org\",\"@graph\":[{\"@type\":\"WebSite\",\"@id\":\"https:\/\/cuendet.com\/pt-pt\/#website\",\"url\":\"https:\/\/cuendet.com\/pt-pt\/\",\"name\":\"Dating Network\",\"description\":\"Local Guides\",\"potentialAction\":[{\"@type\":\"SearchAction\",\"target\":{\"@type\":\"EntryPoint\",\"urlTemplate\":\"https:\/\/cuendet.com\/pt-pt\/?s={search_term_string}\"},\"query-input\":\"required name=search_term_string\"}],\"inLanguage\":\"pt-PT\"},{\"@type\":\"ImageObject\",\"@id\":\"https:\/\/cuendet.com\/pt-pt\/#primaryimage\",\"inLanguage\":\"pt-PT\",\"url\":\"https:\/\/cuendet.com\/wp-content\/uploads\/2022\/09\/adult-hookup-reviews.jpeg\",\"contentUrl\":\"https:\/\/cuendet.com\/wp-content\/uploads\/2022\/09\/adult-hookup-reviews.jpeg\",\"width\":2250,\"height\":1500},{\"@type\":\"WebPage\",\"@id\":\"https:\/\/cuendet.com\/pt-pt\/#webpage\",\"url\":\"https:\/\/cuendet.com\/pt-pt\/\",\"name\":\"Come\\u00e7ar com sites de namoro casual - Coment\\u00e1rios de Encontros\",\"isPartOf\":{\"@id\":\"https:\/\/cuendet.com\/pt-pt\/#website\"},\"primaryImageOfPage\":{\"@id\":\"https:\/\/cuendet.com\/pt-pt\/#primaryimage\"},\"datePublished\":\"2022-09-25T14:07:55+00:00\",\"dateModified\":\"2022-12-14T15:24:54+00:00\",\"breadcrumb\":{\"@id\":\"https:\/\/cuendet.com\/pt-pt\/#breadcrumb\"},\"inLanguage\":\"pt-PT\",\"potentialAction\":[{\"@type\":\"ReadAction\",\"target\":[\"https:\/\/cuendet.com\/pt-pt\/\"]}]},{\"@type\":\"BreadcrumbList\",\"@id\":\"https:\/\/cuendet.com\/pt-pt\/#breadcrumb\",\"itemListElement\":[{\"@type\":\"ListItem\",\"position\":1,\"name\":\"Home\",\"item\":\"http:\/\/cuendet.com\/pt-pt\/\"},{\"@type\":\"ListItem\",\"position\":2,\"name\":\"Come\\u00e7ar com sites de namoro casual\"}]}]}<\/script>\n<!-- \/ Yoast SEO plugin. -->","yoast_head_json":{"title":"Come\u00e7ar com sites de namoro casual - Coment\u00e1rios de Encontros","robots":{"index":"index","follow":"follow","max-snippet":"max-snippet:-1","max-image-preview":"max-image-preview:large","max-video-preview":"max-video-preview:-1"},"canonical":"https:\/\/cuendet.com\/pt-pt\/","og_locale":"pt_PT","og_type":"article","og_title":"Come\u00e7ar com sites de namoro casual - Coment\u00e1rios de Encontros","og_description":"A internet est\u00e1 cheia de pessoas que procuram amor, sexo, companheirismo, ou apenas divers\u00e3o. Quer queira sair em encontros, ligar-se online ou simplesmente desfrutar de encontros casuais, existem muitas op\u00e7\u00f5es para encontrar indiv\u00edduos semelhantes. No entanto, as coisas nem sempre s\u00e3o t\u00e3o simples como parecem. Existem muitos tipos diferentes de sites e aplicativos de namoro, ... Ler mais","og_url":"https:\/\/cuendet.com\/pt-pt\/","og_site_name":"Dating Network","article_modified_time":"2022-12-14T15:24:54+00:00","og_image":[{"width":2250,"height":1500,"url":"http:\/\/cuendet.com\/wp-content\/uploads\/2022\/09\/adult-hookup-reviews.jpeg","type":"image\/jpeg"}],"twitter_card":"summary_large_image","twitter_misc":{"Tempo estimado de leitura":"9 minutos"},"schema":{"@context":"https:\/\/schema.org","@graph":[{"@type":"WebSite","@id":"https:\/\/cuendet.com\/pt-pt\/#website","url":"https:\/\/cuendet.com\/pt-pt\/","name":"Dating Network","description":"Local Guides","potentialAction":[{"@type":"SearchAction","target":{"@type":"EntryPoint","urlTemplate":"https:\/\/cuendet.com\/pt-pt\/?s={search_term_string}"},"query-input":"required name=search_term_string"}],"inLanguage":"pt-PT"},{"@type":"ImageObject","@id":"https:\/\/cuendet.com\/pt-pt\/#primaryimage","inLanguage":"pt-PT","url":"https:\/\/cuendet.com\/wp-content\/uploads\/2022\/09\/adult-hookup-reviews.jpeg","contentUrl":"https:\/\/cuendet.com\/wp-content\/uploads\/2022\/09\/adult-hookup-reviews.jpeg","width":2250,"height":1500},{"@type":"WebPage","@id":"https:\/\/cuendet.com\/pt-pt\/#webpage","url":"https:\/\/cuendet.com\/pt-pt\/","name":"Come\u00e7ar com sites de namoro casual - Coment\u00e1rios de Encontros","isPartOf":{"@id":"https:\/\/cuendet.com\/pt-pt\/#website"},"primaryImageOfPage":{"@id":"https:\/\/cuendet.com\/pt-pt\/#primaryimage"},"datePublished":"2022-09-25T14:07:55+00:00","dateModified":"2022-12-14T15:24:54+00:00","breadcrumb":{"@id":"https:\/\/cuendet.com\/pt-pt\/#breadcrumb"},"inLanguage":"pt-PT","potentialAction":[{"@type":"ReadAction","target":["https:\/\/cuendet.com\/pt-pt\/"]}]},{"@type":"BreadcrumbList","@id":"https:\/\/cuendet.com\/pt-pt\/#breadcrumb","itemListElement":[{"@type":"ListItem","position":1,"name":"Home","item":"http:\/\/cuendet.com\/pt-pt\/"},{"@type":"ListItem","position":2,"name":"Come\u00e7ar com sites de namoro casual"}]}]}},"_links":{"self":[{"href":"https:\/\/cuendet.com\/pt-pt\/wp-json\/wp\/v2\/pages\/123"}],"collection":[{"href":"https:\/\/cuendet.com\/pt-pt\/wp-json\/wp\/v2\/pages"}],"about":[{"href":"https:\/\/cuendet.com\/pt-pt\/wp-json\/wp\/v2\/types\/page"}],"author":[{"embeddable":true,"href":"https:\/\/cuendet.com\/pt-pt\/wp-json\/wp\/v2\/users\/1"}],"replies":[{"embeddable":true,"href":"https:\/\/cuendet.com\/pt-pt\/wp-json\/wp\/v2\/comments?post=123"}],"version-history":[{"count":1,"href":"https:\/\/cuendet.com\/pt-pt\/wp-json\/wp\/v2\/pages\/123\/revisions"}],"predecessor-version":[{"id":294,"href":"https:\/\/cuendet.com\/pt-pt\/wp-json\/wp\/v2\/pages\/123\/revisions\/294"}],"wp:featuredmedia":[{"embeddable":true,"href":"https:\/\/cuendet.com\/pt-pt\/wp-json\/wp\/v2\/media\/81"}],"wp:attachment":[{"href":"https:\/\/cuendet.com\/pt-pt\/wp-json\/wp\/v2\/media?parent=123"}],"curies":[{"name":"wp","href":"https:\/\/api.w.org\/{rel}","templated":true}]}}