{"id":116,"date":"2022-09-25T15:07:55","date_gmt":"2022-09-25T14:07:55","guid":{"rendered":"http:\/\/cuendet.com\/introduzione-ai-siti-di-incontri-casuali\/"},"modified":"2022-12-14T15:22:51","modified_gmt":"2022-12-14T15:22:51","slug":"introduzione-ai-siti-di-incontri-casuali","status":"publish","type":"page","link":"https:\/\/cuendet.com\/it\/","title":{"rendered":"Introduzione ai siti di incontri casuali"},"content":{"rendered":"<p>Internet \u00e8 pieno di persone che cercano di trovare l&#8217;amore, il sesso, la compagnia o semplicemente il divertimento. Sia che tu voglia uscire per appuntamenti, collegarti online o semplicemente goderti incontri casuali, ci sono molte opzioni per trovare persone che la pensano allo stesso modo. Tuttavia, le cose non sono sempre cos\u00ec semplici come sembrano. Esistono molti tipi diversi di siti Web e app di incontri e ognuno offre qualcosa di unico. Ad esempio, alcuni siti si rivolgono specificamente a coloro che cercano relazioni a lungo termine, mentre altri si concentrano su avventure a breve termine. Alcuni offrono persino abbonamenti a pagamento per garantire che entrambe le parti siano soddisfatte.<\/p>\n<h3>Sicurezza<\/h3>\n<p>Mentre la maggior parte dei siti Web e delle app afferma di essere sicura, vale la pena prendere precauzioni. In effetti, ci sono diversi modi per proteggersi. In primo luogo, non rivelare mai troppo di te stesso. Se lo fai, potresti finire per condividere informazioni sensibili come indirizzo, numero di telefono, e-mail o account di social media. Ci\u00f2 include dire a chiunque quanti anni o sei giovane, se lavori fuori casa e qualsiasi altra cosa che potrebbe identificarti. In secondo luogo, evita di fornire troppe informazioni personali. Non dovresti pubblicare foto di te stesso senza indossare vestiti, perch\u00e9 ci\u00f2 rende facile per gli estranei riconoscerti. In terzo luogo, controlla le recensioni del sito o dell&#8217;app che prevedi di utilizzare. In questi giorni, ci sono tonnellate di risorse online che ti consentono di leggere il feedback di clienti reali. Infine, non pagare mai in anticipo per le quote associative. Invece, iscriviti per le prove gratuite e vedi come ti senti riguardo all&#8217;esperienza. Se non \u00e8 all&#8217;altezza delle tue aspettative, cancella immediatamente il tuo account.<\/p>\n<h2>Come funzionano i siti di incontri<\/h2>\n<p>Internet offre molte opportunit\u00e0 alle persone di trovare l&#8217;amore, il romanticismo, l&#8217;amicizia e persino il sesso occasionale. Tuttavia, ci sono diversi tipi di app di appuntamenti, alcune gratuite mentre altre fanno pagare denaro. Ci sono anche siti in cui puoi incontrare qualcuno senza pagare nulla. Ogni tipo di sito offre qualcosa di unico, che si tratti di un modo semplice per chattare o di uno strumento di matchmaking completo. Quindi qual \u00e8 esattamente la differenza tra siti di collegamento gratuiti e a pagamento? Diamo un&#8217;occhiata.<\/p>\n<h2>Guida<\/h2>\n<p>I collegamenti stanno diventando sempre pi\u00f9 popolari tra i millennial in cerca di sesso occasionale. Ma trovare qualcuno disposto a incontrarsi non \u00e8 sempre facile. Alcune persone preferiscono incontrare estranei online, mentre altri vogliono trovare amici che la pensano allo stesso modo. \u00c8 qui che entrano in gioco le app di appuntamenti.<\/p>\n<p>Abbiamo esaminato diversi tipi di app e siti Web di appuntamenti per adulti per vedere cosa distingue ciascuno.<\/p>\n<h3>Pof<\/h3>\n<p>Nel 2017, Match Group ha acquisito PlentyOfFish per $ 575 milioni. Ora sta cercando di fare un&#8217;altra acquisizione schizzinosa <a href=\"http:\/\/www.sito-per-sesso.com\">Sito-per-sesso.com<\/a> &#8211; questa volta ad aiutare le persone a trovare l&#8217;amore. Marted\u00ec, il gigante degli appuntamenti ha annunciato di aver raccolto un round di finanziamenti guidato da Goldman Sachs, portando $ 50 milioni.<\/p>\n<p>La societ\u00e0 afferma che prevede di utilizzare i soldi per costruire il suo prodotto di abbonamento premium, seeking.com, lanciato nel 2016 e ora vanta oltre 7 milioni di membri. Oltre alle funzionalit\u00e0 standard presenti sulla maggior parte delle piattaforme di incontri, seeking.com offre un ampio set di strumenti progettati specificamente per aiutare le persone a incontrare gli altri <a href=\"https:\/\/www.siti-incontri.net\/\">Siti-Incontri.net<\/a>. Ad esempio, il sito consente agli utenti di filtrare potenziali corrispondenze in base a et\u00e0, sesso, posizione, stato sentimentale, orientamento sessuale, religione, livello di istruzione, altezza, peso, interessi e hobby.<\/p>\n<h3>Sentito<\/h3>\n<p>Feeld \u00e8 un&#8217;app di appuntamenti casuali progettata per le persone che cercano amore all&#8217;interno della comunit\u00e0 LGBTQ. L&#8217;app consente di sfogliare i profili in base all&#8217;orientamento sessuale e all&#8217;identit\u00e0 di genere. Puoi caricare foto, controllare le biografie dei membri e inviare messaggi senza dover pagare nulla in anticipo.<\/p>\n<p>L&#8217;app offre una vasta gamma di generi e orientamenti, tra cui bisessuale, pansessuale, transgender e persino agender. Gli utenti sono in grado di scegliere se vogliono vedere uomini, donne, entrambi o nessuno dei due. Non ci sono restrizioni su et\u00e0, razza, religione o posizione.<\/p>\n<h3>Esca<\/h3>\n<p>Tinder \u00e8 una delle app di appuntamenti pi\u00f9 popolari l\u00e0 fuori. Ma non \u00e8 gratuito. Devi pagare per utilizzare l&#8217;app, tramite un piano di abbonamento o tramite una versione a pagamento chiamata Tinder Gold. Se vuoi provarlo, ecco alcune cose da sapere su Tinder Gold:<\/p>\n<ul>\n<li>Tinder Gold ti d\u00e0 accesso a funzionalit\u00e0 extra come scorrere verso sinistra \/ destra, mettere mi piace alle foto e inviare messaggi.<\/li>\n<li>Esistono sette diversi piani per Tinder Gold, che vanno da $ 2.99 al mese a $ 19.95 al mese.<\/li>\n<li>Ogni piano include tre giorni di partite illimitate, pi\u00f9 10 swipe al giorno.<\/li>\n<li>Dopo aver pagato, puoi annullare in qualsiasi momento entro 30 giorni.<\/li>\n<li>La tua carta di credito non verr\u00e0 addebitata a meno che tu non scelga di iscriverti.<\/li>\n<li>Puoi eseguire l&#8217;aggiornamento a Tinder Plus per $ 9.99 al mese, che aggiunge 24 ore di utilizzo, Mi piace illimitati e nessuna pubblicit\u00e0.<\/li>\n<\/ul>\n<h3>Alt<\/h3>\n<p>Alt.com \u00e8 un sito di collegamento BDSM con sede a San Francisco. Offre un periodo di prova gratuito in cui \u00e8 possibile guardare video e chattare con le persone online. Puoi passare a un abbonamento a pagamento per $ 9.99 al mese. Ci\u00f2 include l&#8217;accesso illimitato alla libreria del sito di clip porno e spettacoli di sesso in webcam dal vivo. Non ci sono costi nascosti qui. Se vuoi andare oltre nel mondo del sesso stravagante, c&#8217;\u00e8 un altro livello di iscrizione chiamato Platinum Membership. Per $ 34.99 al mese, puoi usufruire di funzionalit\u00e0 esclusive tra cui assistenza clienti 24 ore su 24, 7 giorni su 7, webcam premium, sistema di messaggistica privata e molto altro.<\/p>\n<h3>Aff<\/h3>\n<p>Adult Friend Finder (AFF), uno dei pi\u00f9 antichi siti di incontri in circolazione, afferma di avere oltre 80 milioni di membri registrati. AFF offre chat room, bacheche, forum, album fotografici, chat video, feed webcam, e-mail, messaggistica istantanea, app mobili, numeri di telefono, webcam e persino funzionalit\u00e0 di social networking. Se vuoi trovare qualcuno di speciale, probabilmente vale la pena provare AFF.<\/p>\n<h3>AshleyMadison.com<\/h3>\n<p>AshleyMadison.com \u00e8 uno dei pi\u00f9 grandi siti di incontri del mondo. Afferma di avere oltre 30 milioni di membri in tutto il mondo ed \u00e8 noto per essere discreto su ci\u00f2 che fa. Il suo slogan \u00e8 &#8220;La vita \u00e8 breve. Avere una relazione.&#8221;<\/p>\n<p>Il sito consente alle persone di cercare altri in base alla posizione e agli interessi. Puoi sfogliare i profili e inviare messaggi gratuitamente. Se vuoi fare di pi\u00f9 che parlare online, tuttavia, puoi pagare per passare a diversi livelli di iscrizione. Ci sono tre livelli: Basic ($ 19.95 \/ mese), Argento ($ 39.95 \/ mese), Oro ($ 69.95 \/ mese). Ogni livello ti consente di accedere a funzionalit\u00e0 aggiuntive come messaggistica istantanea, chat video, e-mail, telefonate e sconti sugli hotel.<\/p>\n<p>Puoi utilizzare il sito in modo anonimo, ma ci sono modi per distinguerti. Un modo \u00e8 quello di registrarsi con un nome falso. Un altro modo \u00e8 caricare una tua foto. Questo ti consente di vedere le foto di altri senza dover passare attraverso il fastidio di creare un account. Infine, puoi acquistare account premium che includono vantaggi extra come offerte speciali per viaggi e regali.<\/p>\n<h3>SwapFinder<\/h3>\n<p>Se stai cercando un posto dove le persone sono aperte allo swing, non c&#8217;\u00e8 carenza di opzioni l\u00e0 fuori. Ma alcuni siti non sono proprio quello che sembrano, specialmente SwapFinder.com, un sito di incontri online gratuito che fa parte della societ\u00e0 di app di collegamento per adulti Friend Finder Networks.<\/p>\n<p>Il sito afferma di essere la pi\u00f9 grande rete di social scambisti al mondo. E mentre ci sono molte prove a sostegno di tale affermazione, \u00e8 importante notare che il sito non \u00e8 affatto gestito da scambisti. Invece, \u00e8 di propriet\u00e0 della stessa societ\u00e0 madre che possiede AdultFriendFinder.<\/p>\n<p>Quello che posso dirti del sito \u00e8 che offre molte funzionalit\u00e0 che rendono facile trovare qualcuno che condivida le tue preferenze di stile di vita. Puoi sfogliare i profili in base alla posizione, all&#8217;orientamento sessuale, alla fascia di et\u00e0, al sesso e molto altro. Ci sono anche categorie come &#8220;club scambisti&#8221;, &#8220;feste scambiste&#8221; e persino &#8220;coppie in cerca di single&#8221;.<\/p>\n<h2>Come giudichiamo i nostri siti<\/h2>\n<p>Valutiamo i siti in base a quattro criteri chiave: funzionalit\u00e0, caratteristiche, design e supporto. Osserviamo da vicino quanto bene funziona ogni sito, quali funzionalit\u00e0 offre, quanto \u00e8 facile navigare e se c&#8217;\u00e8 assistenza clienti disponibile 24 ore su 24, 7 giorni su 7. L&#8217;aspetto pi\u00f9 importante della scelta di un sito di incontri \u00e8 trovarne uno che funzioni per te. Vuoi trovare qualcuno a cui piaci tanto quanto ti piace lui o lei. Questo \u00e8 il motivo per cui testiamo ogni singolo sito che consigliamo. I nostri esperti vanno oltre le metriche di base come il numero di membri e il costo e si immergono in cose come l&#8217;attivit\u00e0 dei membri, le visualizzazioni del profilo, le tariffe di messaggistica e altro ancora. Confrontano anche i pi\u00f9 grandi nomi del settore per vedere quali si distinguono davvero.<\/p>\n<p>Il collegamento \u00e8 uno di quei termini di cui senti parlare ogni giorno, che tu sia interessato o meno. Ma cosa significa esattamente? Cosa c&#8217;\u00e8 da sapere a riguardo? Abbiamo chiesto ai nostri esperti di darci le informazioni su come usare correttamente questa parola. Questo \u00e8 il modo in cui ci siamo assicurati che tutte le nostre recensioni siano giuste per te.<\/p>\n<h2>Come trovare il sito giusto per te<\/h2>\n<p>Il modo migliore per scoprire a quale tipo di sito vuoi iscriverti \u00e8 dare un&#8217;occhiata in giro. Esistono molti tipi diversi di siti di collegamento e, mentre alcuni sono gratuiti, altri richiedono una quota di abbonamento. Se sei interessato a trovare qualcuno per una notte, prova un account maturbate.com, dove puoi sfogliare i profili e inviare messaggi senza pagare nulla. Se preferisci incontrare persone online e andare agli appuntamenti, dai un&#8217;occhiata a SeekingArrangement.com, OKCupid, Match.com, AdultFriendFinder.com e PlentyOfFish.com. Ogni sito offre qualcosa di leggermente diverso, quindi spetta a te decidere quale funziona meglio per te.<\/p>\n","protected":false},"excerpt":{"rendered":"<p>Internet \u00e8 pieno di persone che cercano di trovare l&#8217;amore, il sesso, la compagnia o semplicemente il divertimento. Sia che tu voglia uscire per appuntamenti, collegarti online o semplicemente goderti incontri casuali, ci sono molte opzioni per trovare persone che la pensano allo stesso modo. Tuttavia, le cose non sono sempre cos\u00ec semplici come sembrano. &#8230; <a title=\"Introduzione ai siti di incontri casuali\" class=\"read-more\" href=\"https:\/\/cuendet.com\/it\/\" aria-label=\"Leggi di pi\u00f9 su Introduzione ai siti di incontri casuali\">Leggi tutto<\/a><\/p>\n","protected":false},"author":1,"featured_media":80,"parent":0,"menu_order":0,"comment_status":"closed","ping_status":"closed","template":"","meta":[],"yoast_head":"<!-- This site is optimized with the Yoast SEO plugin v17.7.1 - https:\/\/yoast.com\/wordpress\/plugins\/seo\/ -->\n<title>Introduzione ai siti di incontri casuali - Recensioni di appuntamenti<\/title>\n<meta name=\"robots\" content=\"index, follow, max-snippet:-1, max-image-preview:large, max-video-preview:-1\" \/>\n<link rel=\"canonical\" href=\"https:\/\/cuendet.com\/it\/\" \/>\n<meta property=\"og:locale\" content=\"it_IT\" \/>\n<meta property=\"og:type\" content=\"article\" \/>\n<meta property=\"og:title\" content=\"Introduzione ai siti di incontri casuali - Recensioni di appuntamenti\" \/>\n<meta property=\"og:description\" content=\"Internet \u00e8 pieno di persone che cercano di trovare l&#8217;amore, il sesso, la compagnia o semplicemente il divertimento. Sia che tu voglia uscire per appuntamenti, collegarti online o semplicemente goderti incontri casuali, ci sono molte opzioni per trovare persone che la pensano allo stesso modo. Tuttavia, le cose non sono sempre cos\u00ec semplici come sembrano. ... Leggi tutto\" \/>\n<meta property=\"og:url\" content=\"https:\/\/cuendet.com\/it\/\" \/>\n<meta property=\"og:site_name\" content=\"Dating Network\" \/>\n<meta property=\"article:modified_time\" content=\"2022-12-14T15:22:51+00:00\" \/>\n<meta property=\"og:image\" content=\"https:\/\/cuendet.com\/wp-content\/uploads\/2022\/09\/adult-hookup-reviews.jpeg\" \/>\n\t<meta property=\"og:image:width\" content=\"2250\" \/>\n\t<meta property=\"og:image:height\" content=\"1500\" \/>\n<meta name=\"twitter:card\" content=\"summary_large_image\" \/>\n<meta name=\"twitter:label1\" content=\"Tempo di lettura stimato\" \/>\n\t<meta name=\"twitter:data1\" content=\"8 minuti\" \/>\n<script type=\"application\/ld+json\" class=\"yoast-schema-graph\">{\"@context\":\"https:\/\/schema.org\",\"@graph\":[{\"@type\":\"WebSite\",\"@id\":\"https:\/\/cuendet.com\/it\/#website\",\"url\":\"https:\/\/cuendet.com\/it\/\",\"name\":\"Dating Network\",\"description\":\"Local Guides\",\"potentialAction\":[{\"@type\":\"SearchAction\",\"target\":{\"@type\":\"EntryPoint\",\"urlTemplate\":\"https:\/\/cuendet.com\/it\/?s={search_term_string}\"},\"query-input\":\"required name=search_term_string\"}],\"inLanguage\":\"it-IT\"},{\"@type\":\"ImageObject\",\"@id\":\"https:\/\/cuendet.com\/it\/#primaryimage\",\"inLanguage\":\"it-IT\",\"url\":\"https:\/\/cuendet.com\/wp-content\/uploads\/2022\/09\/adult-hookup-reviews.jpeg\",\"contentUrl\":\"https:\/\/cuendet.com\/wp-content\/uploads\/2022\/09\/adult-hookup-reviews.jpeg\",\"width\":2250,\"height\":1500},{\"@type\":\"WebPage\",\"@id\":\"https:\/\/cuendet.com\/it\/#webpage\",\"url\":\"https:\/\/cuendet.com\/it\/\",\"name\":\"Introduzione ai siti di incontri casuali - Recensioni di appuntamenti\",\"isPartOf\":{\"@id\":\"https:\/\/cuendet.com\/it\/#website\"},\"primaryImageOfPage\":{\"@id\":\"https:\/\/cuendet.com\/it\/#primaryimage\"},\"datePublished\":\"2022-09-25T14:07:55+00:00\",\"dateModified\":\"2022-12-14T15:22:51+00:00\",\"breadcrumb\":{\"@id\":\"https:\/\/cuendet.com\/it\/#breadcrumb\"},\"inLanguage\":\"it-IT\",\"potentialAction\":[{\"@type\":\"ReadAction\",\"target\":[\"https:\/\/cuendet.com\/it\/\"]}]},{\"@type\":\"BreadcrumbList\",\"@id\":\"https:\/\/cuendet.com\/it\/#breadcrumb\",\"itemListElement\":[{\"@type\":\"ListItem\",\"position\":1,\"name\":\"Home\",\"item\":\"https:\/\/cuendet.com\/it\/\"},{\"@type\":\"ListItem\",\"position\":2,\"name\":\"Introduzione ai siti di incontri casuali\"}]}]}<\/script>\n<!-- \/ Yoast SEO plugin. -->","yoast_head_json":{"title":"Introduzione ai siti di incontri casuali - Recensioni di appuntamenti","robots":{"index":"index","follow":"follow","max-snippet":"max-snippet:-1","max-image-preview":"max-image-preview:large","max-video-preview":"max-video-preview:-1"},"canonical":"https:\/\/cuendet.com\/it\/","og_locale":"it_IT","og_type":"article","og_title":"Introduzione ai siti di incontri casuali - Recensioni di appuntamenti","og_description":"Internet \u00e8 pieno di persone che cercano di trovare l&#8217;amore, il sesso, la compagnia o semplicemente il divertimento. Sia che tu voglia uscire per appuntamenti, collegarti online o semplicemente goderti incontri casuali, ci sono molte opzioni per trovare persone che la pensano allo stesso modo. Tuttavia, le cose non sono sempre cos\u00ec semplici come sembrano. ... Leggi tutto","og_url":"https:\/\/cuendet.com\/it\/","og_site_name":"Dating Network","article_modified_time":"2022-12-14T15:22:51+00:00","og_image":[{"width":2250,"height":1500,"url":"https:\/\/cuendet.com\/wp-content\/uploads\/2022\/09\/adult-hookup-reviews.jpeg","type":"image\/jpeg"}],"twitter_card":"summary_large_image","twitter_misc":{"Tempo di lettura stimato":"8 minuti"},"schema":{"@context":"https:\/\/schema.org","@graph":[{"@type":"WebSite","@id":"https:\/\/cuendet.com\/it\/#website","url":"https:\/\/cuendet.com\/it\/","name":"Dating Network","description":"Local Guides","potentialAction":[{"@type":"SearchAction","target":{"@type":"EntryPoint","urlTemplate":"https:\/\/cuendet.com\/it\/?s={search_term_string}"},"query-input":"required name=search_term_string"}],"inLanguage":"it-IT"},{"@type":"ImageObject","@id":"https:\/\/cuendet.com\/it\/#primaryimage","inLanguage":"it-IT","url":"https:\/\/cuendet.com\/wp-content\/uploads\/2022\/09\/adult-hookup-reviews.jpeg","contentUrl":"https:\/\/cuendet.com\/wp-content\/uploads\/2022\/09\/adult-hookup-reviews.jpeg","width":2250,"height":1500},{"@type":"WebPage","@id":"https:\/\/cuendet.com\/it\/#webpage","url":"https:\/\/cuendet.com\/it\/","name":"Introduzione ai siti di incontri casuali - Recensioni di appuntamenti","isPartOf":{"@id":"https:\/\/cuendet.com\/it\/#website"},"primaryImageOfPage":{"@id":"https:\/\/cuendet.com\/it\/#primaryimage"},"datePublished":"2022-09-25T14:07:55+00:00","dateModified":"2022-12-14T15:22:51+00:00","breadcrumb":{"@id":"https:\/\/cuendet.com\/it\/#breadcrumb"},"inLanguage":"it-IT","potentialAction":[{"@type":"ReadAction","target":["https:\/\/cuendet.com\/it\/"]}]},{"@type":"BreadcrumbList","@id":"https:\/\/cuendet.com\/it\/#breadcrumb","itemListElement":[{"@type":"ListItem","position":1,"name":"Home","item":"https:\/\/cuendet.com\/it\/"},{"@type":"ListItem","position":2,"name":"Introduzione ai siti di incontri casuali"}]}]}},"_links":{"self":[{"href":"https:\/\/cuendet.com\/it\/wp-json\/wp\/v2\/pages\/116"}],"collection":[{"href":"https:\/\/cuendet.com\/it\/wp-json\/wp\/v2\/pages"}],"about":[{"href":"https:\/\/cuendet.com\/it\/wp-json\/wp\/v2\/types\/page"}],"author":[{"embeddable":true,"href":"https:\/\/cuendet.com\/it\/wp-json\/wp\/v2\/users\/1"}],"replies":[{"embeddable":true,"href":"https:\/\/cuendet.com\/it\/wp-json\/wp\/v2\/comments?post=116"}],"version-history":[{"count":1,"href":"https:\/\/cuendet.com\/it\/wp-json\/wp\/v2\/pages\/116\/revisions"}],"predecessor-version":[{"id":293,"href":"https:\/\/cuendet.com\/it\/wp-json\/wp\/v2\/pages\/116\/revisions\/293"}],"wp:featuredmedia":[{"embeddable":true,"href":"https:\/\/cuendet.com\/it\/wp-json\/wp\/v2\/media\/80"}],"wp:attachment":[{"href":"https:\/\/cuendet.com\/it\/wp-json\/wp\/v2\/media?parent=116"}],"curies":[{"name":"wp","href":"https:\/\/api.w.org\/{rel}","templated":true}]}}