{"id":122,"date":"2022-09-25T15:07:55","date_gmt":"2022-09-25T14:07:55","guid":{"rendered":"http:\/\/cuendet.com\/pocetak-rada-s-web-stranicama-za-povremene-spojeve\/"},"modified":"2022-11-09T13:19:49","modified_gmt":"2022-11-09T13:19:49","slug":"pocetak-rada-s-web-stranicama-za-povremene-spojeve","status":"publish","type":"page","link":"https:\/\/cuendet.com\/hr\/","title":{"rendered":"Po\u010detak rada s web stranicama za povremene spojeve"},"content":{"rendered":"<p>Internet je pun ljudi koji \u017eele prona\u0107i ljubav, seks, dru\u017eenje ili jednostavno zabavu. Bez obzira \u017eelite li iza\u0107i na spojeve, spojiti se na internet ili jednostavno u\u017eivati u le\u017eernim susretima, postoji mnogo mogu\u0107nosti za pronala\u017eenje istomi\u0161ljenika. Me\u0111utim, stvari nisu uvijek tako jednostavne kao \u0161to se \u010dini. Postoji mnogo razli\u010ditih vrsta web stranica i aplikacija za upoznavanje, a svaka od njih nudi ne\u0161to jedinstveno. Na primjer, neke web stranice zadovoljavaju posebno one koji tra\u017ee dugoro\u010dne odnose, dok se druge usredoto\u010duju na kratkoro\u010dne avanture. Neki \u010dak nude pla\u0107ena \u010dlanstva kako bi pomogli osigurati zadovoljstvo obiju strana.<\/p>\n<h3>Sigurnost<\/h3>\n<p>Iako ve\u0107ina web stranica i aplikacija tvrdi da je sigurna, isplati se poduzeti mjere opreza. Zapravo, postoji nekoliko na\u010dina da se za\u0161titite. Prvo, nikada ne otkrivajte previ\u0161e o sebi. Ako to u\u010dinite, na kraju biste mogli dijeliti osjetljive podatke kao \u0161to su adresa, telefonski broj, e-po\u0161ta ili ra\u010duni na dru\u0161tvenim mre\u017eama. To uklju\u010duje re\u0107i svima koliko imate godina ili mladi <a href=\"https:\/\/www.adultsexsites.org\/it\/siti-di-collegamento-gay\/\">gay<\/a>, radite li izvan ku\u0107e i bilo \u0161to drugo \u0161to bi vas moglo identificirati. Drugo, izbjegavajte davanje previ\u0161e osobnih podataka. Ne biste trebali objavljivati svoje slike bez no\u0161enja odje\u0107e, jer to strancima olak\u0161ava prepoznavanje. Tre\u0107e, pogledajte recenzije web-lokacije ili aplikacije koju namjeravate koristiti. Ovih dana postoji mno\u0161tvo internetskih resursa koji vam omogu\u0107uju \u010ditanje povratnih informacija od stvarnih kupaca. Kona\u010dno, nikada ne pla\u0107ajte unaprijed \u010dlanarinu. Umjesto toga, prijavite se za besplatne probne verzije i pogledajte \u0161to mislite o iskustvu. Ako ne ispuni va\u0161a o\u010dekivanja, odmah otka\u017eite ra\u010dun.<\/p>\n<h2>Kako funkcioniraju web stranice za upoznavanje<\/h2>\n<p>Internet pru\u017ea mnoge mogu\u0107nosti ljudima da prona\u0111u ljubav, romantiku, prijateljstvo, pa \u010dak i povremeni seks. Me\u0111utim, postoje razli\u010dite vrste aplikacija za upoznavanje, neke su besplatne, dok druge napla\u0107uju novac. Postoje i web stranice na kojima mo\u017eete upoznati nekoga, a da ni\u0161ta ne platite. Svaka vrsta web stranice nudi ne\u0161to jedinstveno, bilo da se radi o jednostavnom na\u010dinu \u010davrljanja ili potpuno opremljenom alatu za spajanje. Dakle, koja je to\u010dno razlika izme\u0111u besplatnih i pla\u0107enih web stranica za spajanje? Pogledajmo.<\/p>\n<h2>Vodi\u010d<\/h2>\n<p>Spajanja postaju sve popularnija me\u0111u milenijalcima koji tra\u017ee povremeni <a href=\"https:\/\/www.pornchatsites.net\/pl\/\">pornochat<\/a> seks. Ali prona\u0107i nekoga tko je voljan sastati se nije uvijek lako. Neki ljudi vi\u0161e vole upoznavati strance na mre\u017ei, dok drugi \u017eele prona\u0107i prijatelje istomi\u0161ljenike. Tu dolaze aplikacije za upoznavanje.<\/p>\n<p>Pogledali smo nekoliko razli\u010ditih vrsta aplikacija i web stranica za upoznavanje odraslih kako bismo vidjeli po \u010demu se svaka isti\u010de.<\/p>\n<h3>Pof<\/h3>\n<p>U 2017. godini Match Group kupio je PlentyOfFish za 575 milijuna dolara. Sada \u017eeli napraviti jo\u0161 jednu prskaju\u0107u akviziciju &#8211; ovu s ciljem pomaganja ljudima da prona\u0111u ljubav. U utorak je div za upoznavanje objavio da je prikupio krug financiranja na \u010delu s Goldman Sachsom, donose\u0107i 50 milijuna dolara.<\/p>\n<p>Tvrtka ka\u017ee da planira iskoristiti novac za izgradnju svog premium \u010dlanskog proizvoda, seeking.com, koji je lansiran 2016. godine i sada se mo\u017ee pohvaliti s vi\u0161e od 7 milijuna \u010dlanova. Osim standardnih zna\u010dajki koje se nalaze na ve\u0107ini platformi za upoznavanje, seeking.com nudi opse\u017ean skup alata dizajniranih posebno kako bi pomogli ljudima da upoznaju druge. Na primjer, web mjesto omogu\u0107uje korisnicima <a href=\"https:\/\/www.fuckdates.net\/cs\/nejlepsi-porno-hry-zdarma-bez-registrace\/\">porn hry<\/a> filtriranje potencijalnih podudaranja na temelju dobi, spola, lokacije, statusa veze, seksualne orijentacije, vjere, razine obrazovanja, visine, te\u017eine, interesa i hobija.<\/p>\n<h3>Feltd<\/h3>\n<p>Feltd je aplikacija za le\u017eerne spojeve dizajnirana za ljude koji tra\u017ee ljubav unutar LGBTQ zajednice. Aplikacija vam omogu\u0107uje pregledavanje profila na temelju seksualne orijentacije i rodnog identiteta. Mo\u017eete prenijeti fotografije, provjeriti bios \u010dlanova i slati poruke bez potrebe za pla\u0107anjem bilo \u010dega unaprijed.<\/p>\n<p>Aplikacija sadr\u017ei \u0161irok raspon spolova i orijentacija, uklju\u010duju\u0107i biseksualne, panseksualne, transrodne, pa \u010dak i agender. Korisnici mogu odabrati \u017eele li vidjeti mu\u0161karce, \u017eene, oboje ili nijedno. Nema ograni\u010denja na dob, rasu, vjeru ili lokaciju.<\/p>\n<h3>Tinder<\/h3>\n<p>Tinder je jedna od najpopularnijih aplikacija za upoznavanje. Ali nije besplatno. Morate platiti za kori\u0161tenje aplikacije &#8211; bilo putem pretplatni\u010dkog plana ili putem pla\u0107ene verzije pod nazivom Tinder Gold. Ako ga \u017eelite isprobati, evo nekoliko stvari koje trebate znati o Tinder Goldu:<\/p>\n<ul>\n<li>Tinder Gold omogu\u0107uje vam pristup dodatnim zna\u010dajkama kao \u0161to su povla\u010denje ulijevo \/ udesno, lajkanje fotografija i slanje poruka.<\/li>\n<li>Postoji sedam razli\u010ditih planova za Tinder Gold, u rasponu od 2.99 USD mjese\u010dno do 19.95 USD mjese\u010dno.<\/li>\n<li>Svaki plan uklju\u010duje tri dana neograni\u010denih utakmica, plus 10 poteza dnevno.<\/li>\n<li>Nakon pla\u0107anja mo\u017eete otkazati u bilo kojem trenutku u roku od 30 dana.<\/li>\n<li>Va\u0161a kreditna kartica ne\u0107e se teretiti ako se ne odlu\u010dite pretplatiti.<\/li>\n<li>Mo\u017eete nadograditi na Tinder Plus za 9.99 USD mjese\u010dno, \u0161to dodaje 24 sata kori\u0161tenja, neograni\u010dene lajkove i bez oglasa.<\/li>\n<\/ul>\n<h3>Alt<\/h3>\n<p>Alt.com je BDSM stranica za spajanje sa sjedi\u0161tem u San Franciscu. Nudi besplatno probno razdoblje u kojem mo\u017eete gledati videozapise i razgovarati s ljudima na mre\u017ei. Mo\u017eete nadograditi na pla\u0107enu pretplatu za 9.99 USD mjese\u010dno. To uklju\u010duje neograni\u010den pristup biblioteci porno isje\u010daka na web mjestu i seksualnih emisija u\u017eivo na web kameri. Ovdje nema skrivenih naknada. Ako \u017eelite i\u0107i dalje u svijet nastranog seksa, postoji jo\u0161 jedan nivo \u010dlanstva koji se zove Platinum Membership. Za 34.99 USD mjese\u010dno mo\u017eete u\u017eivati u ekskluzivnim zna\u010dajkama, uklju\u010duju\u0107i korisni\u010dku podr\u0161ku 24 sata dnevno, 7 dana u tjednu, premium web kamere, privatni sustav za razmjenu poruka i jo\u0161 mnogo toga.<\/p>\n<h3>Aff<\/h3>\n<p>Adult Friend Finder (AFF), jedna od najstarijih stranica za upoznavanje, tvrdi da ima preko 80 milijuna registriranih \u010dlanova. AFF nudi chat sobe, oglasne plo\u010de, forume, fotoalbume, video chatove, feedove web kamera, e-po\u0161tu, razmjenu izravnih poruka, mobilne aplikacije, telefonske brojeve, web kamere, pa \u010dak i zna\u010dajke dru\u0161tvenih mre\u017ea. Ako \u017eelite prona\u0107i nekoga posebnog, vjerojatno vrijedi isprobati AFF.<\/p>\n<h3>AshleyMadison.com<\/h3>\n<p>AshleyMadison.com jedno je od najve\u0107ih svjetskih web mjesta za upoznavanje. Tvrdi da ima preko 30 milijuna \u010dlanova \u0161irom svijeta i poznat je po tome \u0161to je diskretan u pogledu onoga \u0161to radi. Njegov slogan je &#8220;\u017divot je kratak. Imati aferu.&#8221;<\/p>\n<p>Stranica omogu\u0107uje ljudima da tra\u017ee druge na temelju lokacije i interesa. Mo\u017eete pregledavati profile i slati poruke besplatno. Me\u0111utim, ako \u017eelite u\u010diniti vi\u0161e od razgovora na mre\u017ei, mo\u017eete platiti nadogradnju na razli\u010dite razine \u010dlanstva. Postoje tri razine: Osnovna (19.95 USD mjese\u010dno), Srebro (39.95 USD mjese\u010dno), Zlato (69.95 USD mjese\u010dno). Svaka razina omogu\u0107uje vam pristup dodatnim zna\u010dajkama kao \u0161to su razmjena izravnih poruka, video chat, e-po\u0161ta, telefonski pozivi i popusti na hotele.<\/p>\n<p>Stranicu mo\u017eete koristiti anonimno, ali postoje na\u010dini da se istaknete. Jedan od na\u010dina je da se prijavite pod la\u017enim imenom. Drugi na\u010din je da prenesete svoju fotografiju. To vam omogu\u0107uje da vidite fotografije drugih bez potrebe da prolazite kroz gnjava\u017eu s izradom ra\u010duna. Kona\u010dno, mo\u017eete kupiti premium ra\u010dune koji uklju\u010duju dodatne pogodnosti poput posebnih ponuda za putovanja i poklone.<\/p>\n<h3>SwapFinder<\/h3>\n<p>Ako tra\u017eite mjesto gdje su ljudi otvoreni za ljuljanje, opcija ne nedostaje. No, neke web stranice nisu ba\u0161 onakve kakvima se \u010dine, pogotovo SwapFinder.com, besplatna internetska stranica za upoznavanje koja je dio tvrtke za aplikacije za spajanje odraslih Friend Finder Networks.<\/p>\n<p>Stranica tvrdi da je najve\u0107a dru\u0161tvena swingerska mre\u017ea na svijetu. Iako postoji mnogo dokaza koji podupiru tu tvrdnju, va\u017eno je napomenuti da web mjesto zapravo uop\u0107e ne vode swingeri. Umjesto toga, u vlasni\u0161tvu je iste mati\u010dne tvrtke koja posjeduje AdultFriendFinder.<\/p>\n<p>Ono \u0161to vam mogu re\u0107i o web mjestu je da nudi mnogo zna\u010dajki koje olak\u0161avaju pronala\u017eenje nekoga tko dijeli va\u0161e \u017eivotne preferencije. Profile mo\u017eete pregledavati na temelju lokacije, seksualne orijentacije, dobnog raspona, spola i jo\u0161 mnogo toga. Postoje i kategorije poput &#8220;swinger klubova&#8221;, &#8220;swingerskih zabava&#8221;, pa \u010dak i &#8220;parova koji tra\u017ee samce&#8221;.<\/p>\n<h2>Kako sudimo o na\u0161im stranicama<\/h2>\n<p>Web stranice procjenjujemo na temelju \u010detiri klju\u010dna kriterija: funkcionalnosti, zna\u010dajki, dizajna i podr\u0161ke. Pa\u017eljivo pregledavamo koliko dobro funkcionira svaka web lokacija, koje zna\u010dajke nudi, koliko je jednostavna za navigaciju i postoji li korisni\u010dka podr\u0161ka dostupna 24 sata dnevno, 7 dana u tjednu. Najva\u017eniji aspekt odabira web stranice za upoznavanje je pronala\u017eenje one koja vam odgovara. \u017deli\u0161 prona\u0107i nekoga tko te voli jednako kao \u0161to ti se svi\u0111a on ili ona. Zbog toga testiramo svaku pojedinu web stranicu koju preporu\u010dujemo. Na\u0161i stru\u010dnjaci nadilaze osnovne mjerne podatke kao \u0161to su broj \u010dlanova i tro\u0161kovi te zaranjaju u stvari poput aktivnosti \u010dlanova, prikaza profila, stopa razmjene poruka i jo\u0161 mnogo toga. \u010cak uspore\u0111uju najve\u0107a imena u industriji kako bi vidjeli koja se zaista isti\u010du.<\/p>\n<p>Spajanje je jedan od onih izraza o kojima \u010dujete svaki dan, bez obzira zanima li vas to ili ne. Ali \u0161to to to\u010dno zna\u010di? \u0160to trebate znati o tome? Zamolili smo na\u0161e stru\u010dnjake da nam daju nisku razinu kako pravilno koristiti ovu rije\u010d. Na taj smo se na\u010din pobrinuli da sve na\u0161e recenzije budu prave za vas.<\/p>\n<h2>Kako prona\u0107i pravo mjesto za vas<\/h2>\n<p>Najbolji na\u010din da saznate kojoj vrsti web stranice se \u017eelite pridru\u017eiti je da pogledate oko sebe. Postoji mnogo razli\u010ditih vrsta web lokacija za spajanje, a dok su neke besplatne, druge zahtijevaju pretplatu. Ako ste zainteresirani za pronala\u017eenje nekoga za vezu za jednu no\u0107, isprobajte maturbate.com ra\u010dun na kojem mo\u017eete pregledavati profile i slati poruke bez pla\u0107anja bilo \u010dega. Ako biste radije upoznali ljude na mre\u017ei i oti\u0161li na spojeve, pogledajte SeekingArrangement.com, OKCupid, Match.com, AdultFriendFinder.com i PlentyOfFish.com. Svaka web lokacija nudi ne\u0161to malo druga\u010dije, pa je na vama da odlu\u010dite \u0161to vam najbolje odgovara.<\/p>\n","protected":false},"excerpt":{"rendered":"<p>Internet je pun ljudi koji \u017eele prona\u0107i ljubav, seks, dru\u017eenje ili jednostavno zabavu. Bez obzira \u017eelite li iza\u0107i na spojeve, spojiti se na internet ili jednostavno u\u017eivati u le\u017eernim susretima, postoji mnogo mogu\u0107nosti za pronala\u017eenje istomi\u0161ljenika. Me\u0111utim, stvari nisu uvijek tako jednostavne kao \u0161to se \u010dini. Postoji mnogo razli\u010ditih vrsta web stranica i aplikacija za &#8230; <a title=\"Po\u010detak rada s web stranicama za povremene spojeve\" class=\"read-more\" href=\"https:\/\/cuendet.com\/hr\/\" aria-label=\"More on Po\u010detak rada s web stranicama za povremene spojeve\">Op\u0161irnije<\/a><\/p>\n","protected":false},"author":1,"featured_media":74,"parent":0,"menu_order":0,"comment_status":"closed","ping_status":"closed","template":"","meta":[],"yoast_head":"<!-- This site is optimized with the Yoast SEO plugin v17.7.1 - https:\/\/yoast.com\/wordpress\/plugins\/seo\/ -->\n<title>Po\u010detak rada s web stranicama za povremene spojeve - Pregledi spojeva<\/title>\n<meta name=\"robots\" content=\"index, follow, max-snippet:-1, max-image-preview:large, max-video-preview:-1\" \/>\n<link rel=\"canonical\" href=\"https:\/\/cuendet.com\/hr\/\" \/>\n<meta property=\"og:locale\" content=\"hr_HR\" \/>\n<meta property=\"og:type\" content=\"article\" \/>\n<meta property=\"og:title\" content=\"Po\u010detak rada s web stranicama za povremene spojeve - Pregledi spojeva\" \/>\n<meta property=\"og:description\" content=\"Internet je pun ljudi koji \u017eele prona\u0107i ljubav, seks, dru\u017eenje ili jednostavno zabavu. Bez obzira \u017eelite li iza\u0107i na spojeve, spojiti se na internet ili jednostavno u\u017eivati u le\u017eernim susretima, postoji mnogo mogu\u0107nosti za pronala\u017eenje istomi\u0161ljenika. Me\u0111utim, stvari nisu uvijek tako jednostavne kao \u0161to se \u010dini. Postoji mnogo razli\u010ditih vrsta web stranica i aplikacija za ... Op\u0161irnije\" \/>\n<meta property=\"og:url\" content=\"https:\/\/cuendet.com\/hr\/\" \/>\n<meta property=\"og:site_name\" content=\"Dating Network\" \/>\n<meta property=\"article:modified_time\" content=\"2022-11-09T13:19:49+00:00\" \/>\n<meta property=\"og:image\" content=\"https:\/\/cuendet.com\/wp-content\/uploads\/2022\/09\/adult-hookup-reviews.jpeg\" \/>\n\t<meta property=\"og:image:width\" content=\"2250\" \/>\n\t<meta property=\"og:image:height\" content=\"1500\" \/>\n<meta name=\"twitter:card\" content=\"summary_large_image\" \/>\n<meta name=\"twitter:label1\" content=\"Procijenjeno vrijeme \u010ditanja\" \/>\n\t<meta name=\"twitter:data1\" content=\"8 minuta\" \/>\n<script type=\"application\/ld+json\" class=\"yoast-schema-graph\">{\"@context\":\"https:\/\/schema.org\",\"@graph\":[{\"@type\":\"WebSite\",\"@id\":\"https:\/\/cuendet.com\/hr\/#website\",\"url\":\"https:\/\/cuendet.com\/hr\/\",\"name\":\"Dating Network\",\"description\":\"Local Guides\",\"potentialAction\":[{\"@type\":\"SearchAction\",\"target\":{\"@type\":\"EntryPoint\",\"urlTemplate\":\"https:\/\/cuendet.com\/hr\/?s={search_term_string}\"},\"query-input\":\"required name=search_term_string\"}],\"inLanguage\":\"hr\"},{\"@type\":\"ImageObject\",\"@id\":\"https:\/\/cuendet.com\/hr\/#primaryimage\",\"inLanguage\":\"hr\",\"url\":\"https:\/\/cuendet.com\/wp-content\/uploads\/2022\/09\/adult-hookup-reviews.jpeg\",\"contentUrl\":\"https:\/\/cuendet.com\/wp-content\/uploads\/2022\/09\/adult-hookup-reviews.jpeg\",\"width\":2250,\"height\":1500},{\"@type\":\"WebPage\",\"@id\":\"https:\/\/cuendet.com\/hr\/#webpage\",\"url\":\"https:\/\/cuendet.com\/hr\/\",\"name\":\"Po\\u010detak rada s web stranicama za povremene spojeve - Pregledi spojeva\",\"isPartOf\":{\"@id\":\"https:\/\/cuendet.com\/hr\/#website\"},\"primaryImageOfPage\":{\"@id\":\"https:\/\/cuendet.com\/hr\/#primaryimage\"},\"datePublished\":\"2022-09-25T14:07:55+00:00\",\"dateModified\":\"2022-11-09T13:19:49+00:00\",\"breadcrumb\":{\"@id\":\"https:\/\/cuendet.com\/hr\/#breadcrumb\"},\"inLanguage\":\"hr\",\"potentialAction\":[{\"@type\":\"ReadAction\",\"target\":[\"https:\/\/cuendet.com\/hr\/\"]}]},{\"@type\":\"BreadcrumbList\",\"@id\":\"https:\/\/cuendet.com\/hr\/#breadcrumb\",\"itemListElement\":[{\"@type\":\"ListItem\",\"position\":1,\"name\":\"Home\",\"item\":\"https:\/\/cuendet.com\/hr\/\"},{\"@type\":\"ListItem\",\"position\":2,\"name\":\"Po\\u010detak rada s web stranicama za povremene spojeve\"}]}]}<\/script>\n<!-- \/ Yoast SEO plugin. -->","yoast_head_json":{"title":"Po\u010detak rada s web stranicama za povremene spojeve - Pregledi spojeva","robots":{"index":"index","follow":"follow","max-snippet":"max-snippet:-1","max-image-preview":"max-image-preview:large","max-video-preview":"max-video-preview:-1"},"canonical":"https:\/\/cuendet.com\/hr\/","og_locale":"hr_HR","og_type":"article","og_title":"Po\u010detak rada s web stranicama za povremene spojeve - Pregledi spojeva","og_description":"Internet je pun ljudi koji \u017eele prona\u0107i ljubav, seks, dru\u017eenje ili jednostavno zabavu. Bez obzira \u017eelite li iza\u0107i na spojeve, spojiti se na internet ili jednostavno u\u017eivati u le\u017eernim susretima, postoji mnogo mogu\u0107nosti za pronala\u017eenje istomi\u0161ljenika. Me\u0111utim, stvari nisu uvijek tako jednostavne kao \u0161to se \u010dini. Postoji mnogo razli\u010ditih vrsta web stranica i aplikacija za ... Op\u0161irnije","og_url":"https:\/\/cuendet.com\/hr\/","og_site_name":"Dating Network","article_modified_time":"2022-11-09T13:19:49+00:00","og_image":[{"width":2250,"height":1500,"url":"https:\/\/cuendet.com\/wp-content\/uploads\/2022\/09\/adult-hookup-reviews.jpeg","type":"image\/jpeg"}],"twitter_card":"summary_large_image","twitter_misc":{"Procijenjeno vrijeme \u010ditanja":"8 minuta"},"schema":{"@context":"https:\/\/schema.org","@graph":[{"@type":"WebSite","@id":"https:\/\/cuendet.com\/hr\/#website","url":"https:\/\/cuendet.com\/hr\/","name":"Dating Network","description":"Local Guides","potentialAction":[{"@type":"SearchAction","target":{"@type":"EntryPoint","urlTemplate":"https:\/\/cuendet.com\/hr\/?s={search_term_string}"},"query-input":"required name=search_term_string"}],"inLanguage":"hr"},{"@type":"ImageObject","@id":"https:\/\/cuendet.com\/hr\/#primaryimage","inLanguage":"hr","url":"https:\/\/cuendet.com\/wp-content\/uploads\/2022\/09\/adult-hookup-reviews.jpeg","contentUrl":"https:\/\/cuendet.com\/wp-content\/uploads\/2022\/09\/adult-hookup-reviews.jpeg","width":2250,"height":1500},{"@type":"WebPage","@id":"https:\/\/cuendet.com\/hr\/#webpage","url":"https:\/\/cuendet.com\/hr\/","name":"Po\u010detak rada s web stranicama za povremene spojeve - Pregledi spojeva","isPartOf":{"@id":"https:\/\/cuendet.com\/hr\/#website"},"primaryImageOfPage":{"@id":"https:\/\/cuendet.com\/hr\/#primaryimage"},"datePublished":"2022-09-25T14:07:55+00:00","dateModified":"2022-11-09T13:19:49+00:00","breadcrumb":{"@id":"https:\/\/cuendet.com\/hr\/#breadcrumb"},"inLanguage":"hr","potentialAction":[{"@type":"ReadAction","target":["https:\/\/cuendet.com\/hr\/"]}]},{"@type":"BreadcrumbList","@id":"https:\/\/cuendet.com\/hr\/#breadcrumb","itemListElement":[{"@type":"ListItem","position":1,"name":"Home","item":"https:\/\/cuendet.com\/hr\/"},{"@type":"ListItem","position":2,"name":"Po\u010detak rada s web stranicama za povremene spojeve"}]}]}},"_links":{"self":[{"href":"https:\/\/cuendet.com\/hr\/wp-json\/wp\/v2\/pages\/122"}],"collection":[{"href":"https:\/\/cuendet.com\/hr\/wp-json\/wp\/v2\/pages"}],"about":[{"href":"https:\/\/cuendet.com\/hr\/wp-json\/wp\/v2\/types\/page"}],"author":[{"embeddable":true,"href":"https:\/\/cuendet.com\/hr\/wp-json\/wp\/v2\/users\/1"}],"replies":[{"embeddable":true,"href":"https:\/\/cuendet.com\/hr\/wp-json\/wp\/v2\/comments?post=122"}],"version-history":[{"count":1,"href":"https:\/\/cuendet.com\/hr\/wp-json\/wp\/v2\/pages\/122\/revisions"}],"predecessor-version":[{"id":287,"href":"https:\/\/cuendet.com\/hr\/wp-json\/wp\/v2\/pages\/122\/revisions\/287"}],"wp:featuredmedia":[{"embeddable":true,"href":"https:\/\/cuendet.com\/hr\/wp-json\/wp\/v2\/media\/74"}],"wp:attachment":[{"href":"https:\/\/cuendet.com\/hr\/wp-json\/wp\/v2\/media?parent=122"}],"curies":[{"name":"wp","href":"https:\/\/api.w.org\/{rel}","templated":true}]}}