{"id":149,"date":"2022-09-25T15:07:55","date_gmt":"2022-09-25T14:07:55","guid":{"rendered":"http:\/\/cuendet.com\/introduccion-a-los-sitios-web-de-citas-casuales\/"},"modified":"2022-12-14T15:24:50","modified_gmt":"2022-12-14T15:24:50","slug":"introduccion-a-los-sitios-web-de-citas-casuales","status":"publish","type":"page","link":"https:\/\/cuendet.com\/es\/","title":{"rendered":"Introducci\u00f3n a los sitios web de citas casuales"},"content":{"rendered":"<p>Internet est\u00e1 lleno de personas que buscan encontrar amor, sexo, compa\u00f1\u00eda o simplemente diversi\u00f3n. Ya sea que desee salir en citas, conectarse en l\u00ednea o simplemente disfrutar de encuentros casuales, hay muchas opciones para encontrar personas de ideas afines. Sin embargo, las cosas no siempre son tan simples como parecen. Hay muchos tipos diferentes de sitios web y aplicaciones de citas, y cada uno ofrece algo \u00fanico. Por ejemplo, algunos sitios atienden espec\u00edficamente a aquellos que buscan relaciones a largo plazo, mientras que otros se centran en aventuras a corto plazo. Algunos incluso ofrecen membres\u00edas pagas para ayudar a garantizar que ambas partes est\u00e9n satisfechas.<\/p>\n<h3>Seguridad<\/h3>\n<p>Si bien la mayor\u00eda de los sitios web y aplicaciones afirman ser seguros, vale la pena tomar precauciones. De hecho, hay varias maneras de protegerse. Primero, nunca reveles demasiado sobre ti mismo. Si lo hace, podr\u00eda terminar compartiendo informaci\u00f3n confidencial como su direcci\u00f3n, n\u00famero de tel\u00e9fono, correo electr\u00f3nico o cuentas de redes sociales. Esto incluye decirle a cualquier persona qu\u00e9 edad o edad tienes, si trabajas fuera del hogar y cualquier otra cosa que pueda identificarte. En segundo lugar, evite dar demasiada informaci\u00f3n personal. No debes publicar fotos tuyas sin usar ropa, porque eso hace que sea f\u00e1cil para los extra\u00f1os reconocerte. En tercer lugar <a href=\"https:\/\/www.paginas-de-contactos.net\/\">Paginas-de-Contactos.net<\/a>, echa un vistazo a las revisiones del sitio o la aplicaci\u00f3n que planeas usar. En estos d\u00edas, hay toneladas de recursos en l\u00ednea que le permiten leer los comentarios de clientes reales. Finalmente, nunca pague por adelantado las cuotas de membres\u00eda. En su lugar, reg\u00edstrese para las pruebas gratuitas y vea c\u00f3mo se siente acerca de la experiencia. Si no cumple con sus expectativas, cancele su cuenta de inmediato.<\/p>\n<h2>C\u00f3mo funcionan los sitios de citas<\/h2>\n<p>Internet ofrece muchas oportunidades para que las personas encuentren amor, romance, amistad e incluso sexo casual. Sin embargo, hay diferentes tipos de aplicaciones de citas, algunas gratuitas mientras que otras cobran dinero. Tambi\u00e9n hay sitios donde puedes conocer a alguien sin pagar nada en absoluto. Cada tipo de sitio ofrece algo \u00fanico, ya sea una forma simple de chatear o una herramienta de emparejamiento con todas las funciones. Entonces, \u00bfcu\u00e1l es exactamente la diferencia entre los sitios de conexi\u00f3n gratuitos y de pago? Echemos un vistazo.<\/p>\n<h2>Guiar<\/h2>\n<p>Las conexiones se est\u00e1n volviendo cada vez m\u00e1s populares entre los millennials que buscan sexo casual. Pero encontrar a alguien dispuesto a reunirse no siempre es f\u00e1cil. Algunas personas prefieren conocer a extra\u00f1os en l\u00ednea, mientras que otras quieren encontrar amigos de ideas afines. Ah\u00ed es donde entran en juego las aplicaciones de citas.<\/p>\n<p>Observamos varios tipos diferentes de aplicaciones y sitios web de citas para adultos para ver qu\u00e9 hace que cada uno se destaque.<\/p>\n<h3>Pof<\/h3>\n<p>En 2017, Match Group adquiri\u00f3 PlentyOfFish por $ 575 millones. Ahora est\u00e1 buscando hacer otra adquisici\u00f3n llamativa, esta destinada a ayudar a las personas a encontrar el amor. El martes, el gigante de las citas anunci\u00f3 que hab\u00eda recaudado una ronda de financiaci\u00f3n liderada por Goldman Sachs, recaudando 50 millones de d\u00f3lares.<\/p>\n<p>La compa\u00f1\u00eda dice que planea usar el dinero para construir su producto de membres\u00eda premium, seeking.com, que se lanz\u00f3 en 2016 y ahora cuenta con m\u00e1s de 7 millones de miembros. Adem\u00e1s de las caracter\u00edsticas est\u00e1ndar que se encuentran en la mayor\u00eda de las plataformas de citas, seeking.com ofrece un amplio conjunto de herramientas dise\u00f1adas espec\u00edficamente para ayudar a las personas a conocer <a href=\"https:\/\/www.citas-gratis.com\">Citas-Gratis.com<\/a> a otros. Por ejemplo, el sitio permite a los usuarios filtrar posibles coincidencias en funci\u00f3n de la edad, el g\u00e9nero, la ubicaci\u00f3n, el estado civil, la orientaci\u00f3n sexual, la religi\u00f3n, el nivel de educaci\u00f3n, la altura, el peso, los intereses y los pasatiempos.<\/p>\n<h3>Sentido<\/h3>\n<p>Feeld es una aplicaci\u00f3n de citas casuales dise\u00f1ada para personas que buscan amor dentro de la comunidad LGBTQ. La aplicaci\u00f3n le permite navegar por perfiles basados en la orientaci\u00f3n sexual y la identidad de g\u00e9nero. Puede cargar fotos, consultar las biograf\u00edas de los miembros y enviar mensajes sin tener que pagar nada por adelantado.<\/p>\n<p>La aplicaci\u00f3n presenta una amplia gama de g\u00e9neros y orientaciones, incluidos bisexuales, pansexuales, transg\u00e9nero e incluso ag\u00e9nero. Los usuarios pueden elegir si quieren ver hombres, mujeres, ambos o ninguno. No hay restricciones de edad, raza, religi\u00f3n o ubicaci\u00f3n.<\/p>\n<h3>Yesca<\/h3>\n<p>Tinder es una de las aplicaciones de citas m\u00e1s populares que existen. Pero no es gratis y <a href=\"http:\/\/www.paginas-de-sexo.com\/\">www.paginas-de-sexo.com<\/a>. Tienes que pagar para usar la aplicaci\u00f3n, ya sea a trav\u00e9s de un plan de suscripci\u00f3n o a trav\u00e9s de una versi\u00f3n de pago llamada Tinder Gold. Si quieres probarlo, aqu\u00ed hay algunas cosas que debes saber sobre Tinder Gold:<\/p>\n<ul>\n<li>Tinder Gold te da acceso a funciones adicionales como deslizar hacia la izquierda \/ derecha, dar me gusta a las fotos y enviar mensajes.<\/li>\n<li>Hay siete planes diferentes para Tinder Gold, que van desde $ 2.99 por mes a $ 19.95 por mes.<\/li>\n<li>Cada plan incluye tres d\u00edas de partidos ilimitados, m\u00e1s 10 golpes por d\u00eda.<\/li>\n<li>Despu\u00e9s de pagar, puede cancelar en cualquier momento dentro de los 30 d\u00edas.<\/li>\n<li>No se realizar\u00e1 ning\u00fan cargo en tu tarjeta de cr\u00e9dito a menos que elijas suscribirte.<\/li>\n<li>Puede actualizar a Tinder Plus por $ 9.99 por mes, lo que agrega 24 horas de uso, me gusta ilimitados y sin anuncios.<\/li>\n<\/ul>\n<h3>Alt<\/h3>\n<p>Alt.com es un sitio de conexi\u00f3n BDSM con sede en San Francisco. Ofrece un per\u00edodo de prueba gratuito donde puede ver videos y chatear con personas en l\u00ednea. Puede actualizar a una suscripci\u00f3n paga por $ 9.99 por mes. Esto incluye acceso ilimitado a la biblioteca del sitio de clips porno y programas de sexo con c\u00e1mara web en vivo. No hay tarifas ocultas aqu\u00ed. Si desea profundizar en el mundo del sexo pervertido, hay otro nivel de membres\u00eda llamado Membres\u00eda Platinum. Por $ 34.99 al mes, puede disfrutar de funciones exclusivas que incluyen atenci\u00f3n al cliente las 24 horas, los 7 d\u00edas de la semana, c\u00e1maras web premium, sistema de mensajer\u00eda privada y mucho m\u00e1s.<\/p>\n<h3>Aff<\/h3>\n<p>Adult Friend Finder (AFF), uno de los sitios de citas m\u00e1s antiguos, afirma tener m\u00e1s de 80 millones de miembros registrados. AFF ofrece salas de chat, tableros de mensajes, foros, \u00e1lbumes de fotos, chats de video, fuentes de c\u00e1maras web, correo electr\u00f3nico, mensajer\u00eda instant\u00e1nea, aplicaciones m\u00f3viles, n\u00fameros de tel\u00e9fono, c\u00e1maras web e incluso funciones de redes sociales. Si quieres encontrar a alguien especial, probablemente valga la pena probar AFF.<\/p>\n<h3>AshleyMadison.com<\/h3>\n<p>AshleyMadison.com es uno de los sitios de citas m\u00e1s grandes del mundo. Afirma tener m\u00e1s de 30 millones de miembros en todo el mundo y es conocido por ser discreto sobre lo que hace. Su lema es \u00abLa vida es corta. Ten una aventura\u00bb.<\/p>\n<p>El sitio permite a las personas buscar a otros en funci\u00f3n de la ubicaci\u00f3n y los intereses. Puede navegar por los perfiles y enviar mensajes de forma gratuita. Sin embargo, si desea hacer m\u00e1s que solo hablar en l\u00ednea, puede pagar para actualizar a diferentes niveles de membres\u00eda. Hay tres niveles: B\u00e1sico ($ 19.95 \/ mes), Plata ($ 39.95 \/ mes), Oro ($ 69.95 \/ mes). Cada nivel le brinda acceso a funciones adicionales como mensajer\u00eda instant\u00e1nea, chat de video, correo electr\u00f3nico, llamadas telef\u00f3nicas y descuentos en hoteles.<\/p>\n<p>Puede usar el sitio de forma an\u00f3nima, pero hay formas de destacarse. Una forma es registrarse con un nombre falso. Otra forma es subir una foto tuya. Esto le permite ver fotos de otros sin tener que pasar por la molestia de crear una cuenta. Finalmente, puede comprar cuentas premium que incluyen beneficios adicionales como ofertas especiales para viajes y regalos.<\/p>\n<h3>SwapFinder<\/h3>\n<p>Si est\u00e1 buscando un lugar donde la gente est\u00e9 abierta a columpiarse, no hay escasez de opciones por ah\u00ed. Pero algunos sitios no son lo que parecen, especialmente SwapFinder.com, un sitio de citas en l\u00ednea gratuito que forma parte de la compa\u00f1\u00eda de aplicaciones de conexi\u00f3n para adultos Friend Finder Networks.<\/p>\n<p>El sitio afirma ser la red de swingers sociales m\u00e1s grande del mundo. Y aunque hay mucha evidencia para respaldar esa afirmaci\u00f3n, es importante tener en cuenta que el sitio en realidad no est\u00e1 dirigido por swingers en absoluto. En cambio, es propiedad de la misma empresa matriz que posee AdultFriendFinder.<\/p>\n<p>Lo que puedo decirte sobre el sitio es que ofrece muchas caracter\u00edsticas que facilitan encontrar a alguien que comparta tus preferencias de estilo de vida. Puede navegar por perfiles basados en ubicaci\u00f3n, orientaci\u00f3n sexual, rango de edad, g\u00e9nero y mucho m\u00e1s. Tambi\u00e9n hay categor\u00edas como \u00abclubes swingers\u00bb, \u00abfiestas swinger\u00bb e incluso \u00abparejas que buscan solteros\u00bb.<\/p>\n<h2>C\u00f3mo juzgamos nuestros sitios<\/h2>\n<p>Evaluamos los sitios en funci\u00f3n de cuatro criterios clave: funcionalidad, caracter\u00edsticas, dise\u00f1o y soporte. Observamos de cerca qu\u00e9 tan bien funciona cada sitio, qu\u00e9 caracter\u00edsticas ofrece, qu\u00e9 tan f\u00e1cil es navegar y si hay atenci\u00f3n al cliente disponible las 24 horas, los 7 d\u00edas de la semana. El aspecto m\u00e1s importante de elegir un sitio de citas es encontrar uno que funcione para usted. Quieres encontrar a alguien que te guste tanto como a ti te gusta. Es por eso que probamos cada sitio que recomendamos. Nuestros expertos van m\u00e1s all\u00e1 de las m\u00e9tricas b\u00e1sicas, como el n\u00famero de miembros y el costo, y se sumergen en cosas como la actividad de los miembros, las vistas de perfil, las tasas de mensajer\u00eda y m\u00e1s. Incluso comparan los nombres m\u00e1s importantes de la industria para ver cu\u00e1les realmente se destacan.<\/p>\n<p>Conectarse es uno de esos t\u00e9rminos de los que escuchas todos los d\u00edas, ya sea que est\u00e9s interesado en \u00e9l o no. Pero, \u00bfqu\u00e9 significa exactamente? \u00bfQu\u00e9 necesitas saber al respecto? Pedimos a nuestros expertos que nos dieran informaci\u00f3n sobre c\u00f3mo usar esta palabra correctamente. As\u00ed es como nos hemos asegurado de que todas nuestras rese\u00f1as sean adecuadas para usted.<\/p>\n<h2>C\u00f3mo encontrar el sitio adecuado para usted<\/h2>\n<p>La mejor manera de averiguar a qu\u00e9 tipo de sitio desea unirse es echar un vistazo. Hay muchos tipos diferentes de sitios de conexi\u00f3n, y aunque algunos son gratuitos, otros requieren una tarifa de suscripci\u00f3n. Si est\u00e1 interesado en encontrar a alguien para una aventura de una noche, pruebe una cuenta maturbate.com, donde puede navegar por los perfiles y enviar mensajes sin pagar nada. Si prefieres conocer gente en l\u00ednea e ir a citas, echa un vistazo a SeekingArrangement.com, OKCupid, Match.com, AdultFriendFinder.com y PlentyOfFish.com. Cada sitio ofrece algo ligeramente diferente, por lo que depende de usted decidir cu\u00e1l funciona mejor para usted.<\/p>\n","protected":false},"excerpt":{"rendered":"<p>Internet est\u00e1 lleno de personas que buscan encontrar amor, sexo, compa\u00f1\u00eda o simplemente diversi\u00f3n. Ya sea que desee salir en citas, conectarse en l\u00ednea o simplemente disfrutar de encuentros casuales, hay muchas opciones para encontrar personas de ideas afines. Sin embargo, las cosas no siempre son tan simples como parecen. Hay muchos tipos diferentes de &#8230; <a title=\"Introducci\u00f3n a los sitios web de citas casuales\" class=\"read-more\" href=\"https:\/\/cuendet.com\/es\/\" aria-label=\"M\u00e1s en Introducci\u00f3n a los sitios web de citas casuales\">Leer m\u00e1s<\/a><\/p>\n","protected":false},"author":1,"featured_media":82,"parent":0,"menu_order":0,"comment_status":"closed","ping_status":"closed","template":"","meta":[],"yoast_head":"<!-- This site is optimized with the Yoast SEO plugin v17.7.1 - https:\/\/yoast.com\/wordpress\/plugins\/seo\/ -->\n<title>Introducci\u00f3n a los sitios web de citas casuales - Rese\u00f1as de citas<\/title>\n<meta name=\"robots\" content=\"index, follow, max-snippet:-1, max-image-preview:large, max-video-preview:-1\" \/>\n<link rel=\"canonical\" href=\"https:\/\/cuendet.com\/es\/\" \/>\n<meta property=\"og:locale\" content=\"es_ES\" \/>\n<meta property=\"og:type\" content=\"article\" \/>\n<meta property=\"og:title\" content=\"Introducci\u00f3n a los sitios web de citas casuales - Rese\u00f1as de citas\" \/>\n<meta property=\"og:description\" content=\"Internet est\u00e1 lleno de personas que buscan encontrar amor, sexo, compa\u00f1\u00eda o simplemente diversi\u00f3n. Ya sea que desee salir en citas, conectarse en l\u00ednea o simplemente disfrutar de encuentros casuales, hay muchas opciones para encontrar personas de ideas afines. Sin embargo, las cosas no siempre son tan simples como parecen. Hay muchos tipos diferentes de ... Leer m\u00e1s\" \/>\n<meta property=\"og:url\" content=\"https:\/\/cuendet.com\/es\/\" \/>\n<meta property=\"og:site_name\" content=\"Dating Network\" \/>\n<meta property=\"article:modified_time\" content=\"2022-12-14T15:24:50+00:00\" \/>\n<meta property=\"og:image\" content=\"https:\/\/cuendet.com\/wp-content\/uploads\/2022\/09\/adult-hookup-reviews.jpeg\" \/>\n\t<meta property=\"og:image:width\" content=\"2250\" \/>\n\t<meta property=\"og:image:height\" content=\"1500\" \/>\n<meta name=\"twitter:card\" content=\"summary_large_image\" \/>\n<meta name=\"twitter:label1\" content=\"Tiempo de lectura\" \/>\n\t<meta name=\"twitter:data1\" content=\"9 minutos\" \/>\n<script type=\"application\/ld+json\" class=\"yoast-schema-graph\">{\"@context\":\"https:\/\/schema.org\",\"@graph\":[{\"@type\":\"WebSite\",\"@id\":\"https:\/\/cuendet.com\/es\/#website\",\"url\":\"https:\/\/cuendet.com\/es\/\",\"name\":\"Dating Network\",\"description\":\"Local Guides\",\"potentialAction\":[{\"@type\":\"SearchAction\",\"target\":{\"@type\":\"EntryPoint\",\"urlTemplate\":\"https:\/\/cuendet.com\/es\/?s={search_term_string}\"},\"query-input\":\"required name=search_term_string\"}],\"inLanguage\":\"es\"},{\"@type\":\"ImageObject\",\"@id\":\"https:\/\/cuendet.com\/es\/#primaryimage\",\"inLanguage\":\"es\",\"url\":\"https:\/\/cuendet.com\/wp-content\/uploads\/2022\/09\/adult-hookup-reviews.jpeg\",\"contentUrl\":\"https:\/\/cuendet.com\/wp-content\/uploads\/2022\/09\/adult-hookup-reviews.jpeg\",\"width\":2250,\"height\":1500},{\"@type\":\"WebPage\",\"@id\":\"https:\/\/cuendet.com\/es\/#webpage\",\"url\":\"https:\/\/cuendet.com\/es\/\",\"name\":\"Introducci\\u00f3n a los sitios web de citas casuales - Rese\\u00f1as de citas\",\"isPartOf\":{\"@id\":\"https:\/\/cuendet.com\/es\/#website\"},\"primaryImageOfPage\":{\"@id\":\"https:\/\/cuendet.com\/es\/#primaryimage\"},\"datePublished\":\"2022-09-25T14:07:55+00:00\",\"dateModified\":\"2022-12-14T15:24:50+00:00\",\"breadcrumb\":{\"@id\":\"https:\/\/cuendet.com\/es\/#breadcrumb\"},\"inLanguage\":\"es\",\"potentialAction\":[{\"@type\":\"ReadAction\",\"target\":[\"https:\/\/cuendet.com\/es\/\"]}]},{\"@type\":\"BreadcrumbList\",\"@id\":\"https:\/\/cuendet.com\/es\/#breadcrumb\",\"itemListElement\":[{\"@type\":\"ListItem\",\"position\":1,\"name\":\"Home\",\"item\":\"https:\/\/cuendet.com\/es\/\"},{\"@type\":\"ListItem\",\"position\":2,\"name\":\"Introducci\\u00f3n a los sitios web de citas casuales\"}]}]}<\/script>\n<!-- \/ Yoast SEO plugin. -->","yoast_head_json":{"title":"Introducci\u00f3n a los sitios web de citas casuales - Rese\u00f1as de citas","robots":{"index":"index","follow":"follow","max-snippet":"max-snippet:-1","max-image-preview":"max-image-preview:large","max-video-preview":"max-video-preview:-1"},"canonical":"https:\/\/cuendet.com\/es\/","og_locale":"es_ES","og_type":"article","og_title":"Introducci\u00f3n a los sitios web de citas casuales - Rese\u00f1as de citas","og_description":"Internet est\u00e1 lleno de personas que buscan encontrar amor, sexo, compa\u00f1\u00eda o simplemente diversi\u00f3n. Ya sea que desee salir en citas, conectarse en l\u00ednea o simplemente disfrutar de encuentros casuales, hay muchas opciones para encontrar personas de ideas afines. Sin embargo, las cosas no siempre son tan simples como parecen. Hay muchos tipos diferentes de ... Leer m\u00e1s","og_url":"https:\/\/cuendet.com\/es\/","og_site_name":"Dating Network","article_modified_time":"2022-12-14T15:24:50+00:00","og_image":[{"width":2250,"height":1500,"url":"https:\/\/cuendet.com\/wp-content\/uploads\/2022\/09\/adult-hookup-reviews.jpeg","type":"image\/jpeg"}],"twitter_card":"summary_large_image","twitter_misc":{"Tiempo de lectura":"9 minutos"},"schema":{"@context":"https:\/\/schema.org","@graph":[{"@type":"WebSite","@id":"https:\/\/cuendet.com\/es\/#website","url":"https:\/\/cuendet.com\/es\/","name":"Dating Network","description":"Local Guides","potentialAction":[{"@type":"SearchAction","target":{"@type":"EntryPoint","urlTemplate":"https:\/\/cuendet.com\/es\/?s={search_term_string}"},"query-input":"required name=search_term_string"}],"inLanguage":"es"},{"@type":"ImageObject","@id":"https:\/\/cuendet.com\/es\/#primaryimage","inLanguage":"es","url":"https:\/\/cuendet.com\/wp-content\/uploads\/2022\/09\/adult-hookup-reviews.jpeg","contentUrl":"https:\/\/cuendet.com\/wp-content\/uploads\/2022\/09\/adult-hookup-reviews.jpeg","width":2250,"height":1500},{"@type":"WebPage","@id":"https:\/\/cuendet.com\/es\/#webpage","url":"https:\/\/cuendet.com\/es\/","name":"Introducci\u00f3n a los sitios web de citas casuales - Rese\u00f1as de citas","isPartOf":{"@id":"https:\/\/cuendet.com\/es\/#website"},"primaryImageOfPage":{"@id":"https:\/\/cuendet.com\/es\/#primaryimage"},"datePublished":"2022-09-25T14:07:55+00:00","dateModified":"2022-12-14T15:24:50+00:00","breadcrumb":{"@id":"https:\/\/cuendet.com\/es\/#breadcrumb"},"inLanguage":"es","potentialAction":[{"@type":"ReadAction","target":["https:\/\/cuendet.com\/es\/"]}]},{"@type":"BreadcrumbList","@id":"https:\/\/cuendet.com\/es\/#breadcrumb","itemListElement":[{"@type":"ListItem","position":1,"name":"Home","item":"https:\/\/cuendet.com\/es\/"},{"@type":"ListItem","position":2,"name":"Introducci\u00f3n a los sitios web de citas casuales"}]}]}},"_links":{"self":[{"href":"https:\/\/cuendet.com\/es\/wp-json\/wp\/v2\/pages\/149"}],"collection":[{"href":"https:\/\/cuendet.com\/es\/wp-json\/wp\/v2\/pages"}],"about":[{"href":"https:\/\/cuendet.com\/es\/wp-json\/wp\/v2\/types\/page"}],"author":[{"embeddable":true,"href":"https:\/\/cuendet.com\/es\/wp-json\/wp\/v2\/users\/1"}],"replies":[{"embeddable":true,"href":"https:\/\/cuendet.com\/es\/wp-json\/wp\/v2\/comments?post=149"}],"version-history":[{"count":1,"href":"https:\/\/cuendet.com\/es\/wp-json\/wp\/v2\/pages\/149\/revisions"}],"predecessor-version":[{"id":295,"href":"https:\/\/cuendet.com\/es\/wp-json\/wp\/v2\/pages\/149\/revisions\/295"}],"wp:featuredmedia":[{"embeddable":true,"href":"https:\/\/cuendet.com\/es\/wp-json\/wp\/v2\/media\/82"}],"wp:attachment":[{"href":"https:\/\/cuendet.com\/es\/wp-json\/wp\/v2\/media?parent=149"}],"curies":[{"name":"wp","href":"https:\/\/api.w.org\/{rel}","templated":true}]}}