{"id":106,"date":"2022-09-25T15:07:55","date_gmt":"2022-09-25T14:07:55","guid":{"rendered":"http:\/\/cuendet.com\/erste-schritte-mit-casual-dating-websites\/"},"modified":"2022-12-14T15:19:00","modified_gmt":"2022-12-14T15:19:00","slug":"erste-schritte-mit-casual-dating-websites","status":"publish","type":"page","link":"https:\/\/cuendet.com\/de\/","title":{"rendered":"Erste Schritte mit Casual Dating Websites"},"content":{"rendered":"<p>Das Internet ist voll von Menschen, die Liebe, Sex, Kameradschaft oder einfach nur Spa\u00df suchen und <a href=\"https:\/\/www.thedatingadvisor.com\/de\/\">beste kostenlose dating apps<\/a>. Egal, ob Sie auf Dates gehen, sich online treffen oder einfach nur zuf\u00e4llige Begegnungen genie\u00dfen m\u00f6chten, es gibt viele M\u00f6glichkeiten, Gleichgesinnte zu finden. Die Dinge sind jedoch nicht immer so einfach, wie sie scheinen. Es gibt viele verschiedene Arten von Dating-Websites und Apps, und jede bietet etwas Einzigartiges. Zum Beispiel richten sich einige Websites speziell an diejenigen, die langfristige Beziehungen suchen, w\u00e4hrend andere sich auf kurzfristige Seitenspr\u00fcnge konzentrieren. Einige bieten sogar kostenpflichtige Mitgliedschaften an, um sicherzustellen, dass beide Parteien zufrieden sind.<\/p>\n<h3>Sicherheit<\/h3>\n<p>W\u00e4hrend die meisten Websites und Apps behaupten, sicher zu sein, lohnt es sich, Vorsichtsma\u00dfnahmen zu treffen. In der Tat gibt es mehrere M\u00f6glichkeiten, sich selbst zu sch\u00fctzen. Erstens, verrate nie zu viel \u00fcber dich selbst. Wenn Sie dies tun, k\u00f6nnen Sie am Ende vertrauliche Informationen wie Ihre Adresse, Telefonnummer, E-Mail-Adresse oder Social-Media-Konten weitergeben. Dazu geh\u00f6rt, jedem zu sagen, wie alt oder jung Sie sind, ob Sie au\u00dferhalb des Hauses arbeiten und alles andere, was Sie identifizieren k\u00f6nnte. Zweitens, vermeiden Sie es, zu viele pers\u00f6nliche Informationen preiszugeben. Du solltest keine Bilder von dir posten, ohne Kleidung zu tragen, denn das macht es Fremden leicht, dich zu erkennen. Drittens, schauen Sie sich die Bewertungen der Website oder App an, die Sie verwenden m\u00f6chten. Heutzutage gibt es Tonnen von Online-Ressourcen, mit denen Sie Feedback von echten Kunden lesen k\u00f6nnen. Schlie\u00dflich, zahlen Sie niemals im Voraus f\u00fcr Mitgliedsbeitr\u00e4ge. Melden Sie sich stattdessen f\u00fcr kostenlose Testversionen an und sehen Sie, wie Sie sich \u00fcber die Erfahrung f\u00fchlen. Wenn es nicht Ihren Erwartungen entspricht, k\u00fcndigen Sie Ihr Konto sofort.<\/p>\n<h2>Wie Dating-Sites funktionieren<\/h2>\n<p>Das Internet bietet viele M\u00f6glichkeiten f\u00fcr Menschen, Liebe, Romantik, Freundschaft und sogar Gelegenheitssex zu finden. Es gibt jedoch verschiedene Arten von Dating-Apps, von denen einige kostenlos sind, w\u00e4hrend andere Geld verlangen. Es gibt auch Websites, auf denen Sie jemanden treffen k\u00f6nnen, ohne etwas zu bezahlen. Jede Art von Website bietet etwas Einzigartiges, sei es eine einfache Art zu <a href=\"https:\/\/www.fuckdates.net\/de\/kostenlose-lokale-sex-app\/\">kostenlose sexapp<\/a> chatten oder ein voll ausgestattetes Matchmaking-Tool. Was genau ist also der Unterschied zwischen kostenlosen und kostenpflichtigen Anschlussseiten? Werfen wir einen Blick darauf.<\/p>\n<h2>Anleitung<\/h2>\n<p>Hookups werden bei Millennials, die nach Gelegenheitssex suchen, immer beliebter. Aber jemanden zu finden, der bereit ist, sich zu treffen, ist nicht immer einfach. Manche Menschen bevorzugen es, Fremde online zu treffen, w\u00e4hrend andere gleichgesinnte Freunde finden m\u00f6chten. Hier kommen Dating-Apps ins Spiel.<\/p>\n<p>Wir haben uns verschiedene Arten von Dating-Apps und Websites f\u00fcr Erwachsene angesehen, um zu sehen, was jeden auszeichnet.<\/p>\n<h3>Pof<\/h3>\n<p>Im Jahr 2017 erwarb die Match Group PlentyOfFish f\u00fcr 575 Millionen US-Dollar. Jetzt geht es darum, eine weitere spritzige Akquisition zu t\u00e4tigen &#8211; diese, die darauf abzielt, Menschen zu helfen, Liebe zu finden. Am Dienstag gab der Dating-Riese bekannt, dass er eine Finanzierungsrunde unter der Leitung von Goldman Sachs aufgebracht <a href=\"http:\/\/www.sexdating-at.com\">www.sexdating-at.com<\/a> und 50 Millionen US-Dollar eingebracht hat.<\/p>\n<p>Das Unternehmen sagt, dass es plant, das Geld f\u00fcr den Ausbau seines Premium-Mitgliedschaftsprodukts seeking.com zu verwenden, das 2016 auf den Markt kam und jetzt \u00fcber 7 Millionen Mitglieder hat. Zus\u00e4tzlich zu den Standardfunktionen, die auf den meisten Dating-Plattformen zu finden sind, bietet seeking.com eine umfangreiche Reihe von Tools, die speziell entwickelt wurden, um Menschen dabei zu helfen, andere zu treffen. Zum Beispiel erm\u00f6glicht die Website Benutzern, potenzielle \u00dcbereinstimmungen basierend auf Alter, Geschlecht, Standort, Beziehungsstatus, sexueller Orientierung, Religion, Bildungsniveau, Gr\u00f6\u00dfe, Gewicht, Interessen und Hobbys zu filtern.<\/p>\n<h3>gef\u00fchlt<\/h3>\n<p>Feeld ist eine Casual-Dating-App f\u00fcr Menschen, die in der LGBTQ-Community nach Liebe suchen. Mit der App k\u00f6nnen Sie Profile basierend <a href=\"http:\/\/www.sexseiten-at.com\">Sexseiten-at.com<\/a> auf sexueller Orientierung und Geschlechtsidentit\u00e4t durchsuchen. Sie k\u00f6nnen Fotos hochladen, die Biografien der Mitglieder \u00fcberpr\u00fcfen und Nachrichten senden, ohne im Voraus bezahlen zu m\u00fcssen.<\/p>\n<p>Die App bietet eine breite Palette von Geschlechtern und Orientierungen, darunter bisexuell, pansexuell, transgender und sogar agender. Benutzer k\u00f6nnen w\u00e4hlen, ob sie M\u00e4nner, Frauen, beide oder keines von beiden sehen m\u00f6chten. Es gibt keine Einschr\u00e4nkungen in Bezug auf Alter, Rasse, Religion oder Standort.<\/p>\n<h3>Zunder<\/h3>\n<p>Tinder ist eine der beliebtesten Dating-Apps auf dem Markt. Aber es ist nicht kostenlos. Sie m\u00fcssen bezahlen, um die App zu nutzen &#8211; entweder \u00fcber ein Abonnement oder \u00fcber eine kostenpflichtige Version namens Tinder Gold. Wenn Sie es ausprobieren m\u00f6chten, hier sind einige Dinge, die Sie \u00fcber Tinder Gold wissen sollten:<\/p>\n<ul>\n<li>Tinder Gold gibt dir Zugriff auf zus\u00e4tzliche Funktionen wie Wischen nach links\/rechts, Liken von Fotos und Senden von Nachrichten.<\/li>\n<li>Es gibt sieben verschiedene Pl\u00e4ne f\u00fcr Tinder Gold, die von $ 2.99 pro Monat bis $ 19.95 pro Monat reichen.<\/li>\n<li>Jeder Plan beinhaltet drei Tage unbegrenzte Matches plus 10 Swipes pro Tag.<\/li>\n<li>Nach der Zahlung k\u00f6nnen Sie jederzeit innerhalb von 30 Tagen k\u00fcndigen.<\/li>\n<li>Ihre Kreditkarte wird nicht belastet, es sei denn, Sie entscheiden sich f\u00fcr ein Abonnement.<\/li>\n<li>Sie k\u00f6nnen ein Upgrade auf Tinder Plus f\u00fcr $ 9.99 pro Monat durchf\u00fchren, was 24 Stunden Nutzung, unbegrenzte Likes und keine Werbung hinzuf\u00fcgt.<\/li>\n<\/ul>\n<h3>Alt<\/h3>\n<p>Alt.com ist eine BDSM-Hookup-Site mit Sitz in San Francisco. Es bietet eine kostenlose Testphase, in der Sie Videos ansehen und mit Menschen online chatten k\u00f6nnen. Sie k\u00f6nnen ein Upgrade auf ein kostenpflichtiges Abonnement f\u00fcr $ 9.99 pro Monat durchf\u00fchren. Dies beinhaltet unbegrenzten Zugriff auf die Bibliothek der Website mit Pornoclips und Live-Webcam-Sexshows. Hier gibt es keine versteckten Geb\u00fchren. Wenn Sie weiter in die Welt des versauten Sex eintauchen m\u00f6chten, gibt es eine weitere Mitgliedschaftsstufe namens Platinum Membership. F\u00fcr $ 34.99 pro Monat k\u00f6nnen Sie exklusive Funktionen wie 24 \/ 7-Kundensupport, Premium-Webcams, privates Messaging-System und vieles mehr genie\u00dfen.<\/p>\n<h3>Aff<\/h3>\n<p>Adult Friend Finder (AFF), eine der \u00e4ltesten Dating-Sites \u00fcberhaupt, behauptet, \u00fcber 80 Millionen registrierte Mitglieder zu haben. AFF bietet Chatrooms, Message Boards, Foren, Fotoalben, Video-Chats, Webcam-Feeds, E-Mail, Instant Messaging, mobile Apps, Telefonnummern, Webcams und sogar Social-Networking-Funktionen. Wenn Sie jemanden Besonderen finden m\u00f6chten, lohnt es sich wahrscheinlich, AFF auszuprobieren.<\/p>\n<h3>AshleyMadison.com<\/h3>\n<p>AshleyMadison.com ist eine der weltweit gr\u00f6\u00dften Dating-Sites. Sie behauptet, weltweit \u00fcber 30 Millionen Mitglieder zu haben und ist daf\u00fcr bekannt, diskret zu sein, was sie tut. Ihr Slogan lautet &#8222;Das Leben ist kurz. Hab eine Aff\u00e4re.&#8220;<\/p>\n<p>Die Website erm\u00f6glicht es Benutzern, andere basierend auf Standort und Interessen nachzuschlagen. Sie k\u00f6nnen Profile durchsuchen und Nachrichten kostenlos senden. Wenn Sie jedoch mehr tun m\u00f6chten, als nur online zu sprechen, k\u00f6nnen Sie f\u00fcr ein Upgrade auf verschiedene Mitgliedschaftsstufen bezahlen. Es gibt drei Stufen: Basic ($19,95\/Monat), Silber ($39,95\/Monat), Gold ($69,95\/Monat). Jede Stufe bietet Ihnen Zugriff auf zus\u00e4tzliche Funktionen wie Instant Messaging, Video-Chat, E-Mail, Telefonanrufe und Rabatte auf Hotels.<\/p>\n<p>Sie k\u00f6nnen die Website anonym nutzen, aber es gibt M\u00f6glichkeiten, sich von anderen abzuheben. Eine M\u00f6glichkeit besteht darin, sich unter einem falschen Namen anzumelden. Eine andere M\u00f6glichkeit besteht darin, ein Foto von sich selbst hochzuladen. Auf diese Weise k\u00f6nnen Sie Fotos von anderen sehen, ohne ein Konto erstellen zu m\u00fcssen. Schlie\u00dflich k\u00f6nnen Sie Premium-Konten erwerben, die zus\u00e4tzliche Vorteile wie Sonderangebote f\u00fcr Reisen und Geschenke enthalten.<\/p>\n<h3>SwapFinder<\/h3>\n<p>Wenn Sie nach einem Ort suchen, an dem die Menschen offen f\u00fcr das Schwingen sind, gibt es keinen Mangel an Optionen. Aber einige Websites sind nicht ganz das, was sie scheinen, besonders SwapFinder.com, eine kostenlose Online-Dating-Site, die Teil der Adult Hookup-App-Firma Friend Finder Networks ist.<\/p>\n<p>Die Website behauptet, das gr\u00f6\u00dfte soziale Swinger-Netzwerk der Welt zu sein. Und w\u00e4hrend es viele Beweise gibt, die diese Behauptung st\u00fctzen, ist es wichtig zu beachten, dass die Website \u00fcberhaupt nicht von Swingern betrieben wird. Stattdessen ist es im Besitz der gleichen Muttergesellschaft, die AdultFriendFinder besitzt.<\/p>\n<p>Was ich Ihnen \u00fcber die Website sagen kann, ist, dass sie viele Funktionen bietet, die es einfach machen, jemanden zu finden, der Ihre Lifestyle-Vorlieben teilt. Sie k\u00f6nnen Profile nach Standort, sexueller Orientierung, Altersgruppe, Geschlecht und vielem mehr durchsuchen. Es gibt auch Kategorien wie &#8222;Swingerclubs&#8220;, &#8222;Swingerpartys&#8220; und sogar &#8222;Paare, die Singles suchen&#8220;.<\/p>\n<h2>Wie wir unsere Websites beurteilen<\/h2>\n<p>Wir bewerten Websites anhand von vier Schl\u00fcsselkriterien: Funktionalit\u00e4t, Funktionen, Design und Support. Wir schauen uns genau an, wie gut jede Website funktioniert, welche Funktionen sie bietet, wie einfach sie zu navigieren ist und ob der Kundensupport 24\/7 verf\u00fcgbar ist. Der wichtigste Aspekt bei der Auswahl einer Dating-Site ist es, eine zu finden, die f\u00fcr Sie funktioniert. Du willst jemanden finden, der dich genauso mag, wie du ihn magst. Aus diesem Grund testen wir jede einzelne Website, die wir empfehlen. Unsere Experten gehen \u00fcber grundlegende Metriken wie Anzahl der Mitglieder und Kosten hinaus und tauchen in Dinge wie Mitgliederaktivit\u00e4t, Profilaufrufe, Messaging-Raten und mehr ein. Sie vergleichen sogar die gr\u00f6\u00dften Namen der Branche, um zu sehen, welche wirklich auffallen.<\/p>\n<p>Anschlie\u00dfen ist einer dieser Begriffe, von denen Sie jeden Tag h\u00f6ren, ob Sie daran interessiert sind oder nicht. Aber was genau bedeutet das? Was m\u00fcssen Sie dar\u00fcber wissen? Wir haben unsere Experten gebeten, uns einen \u00dcberblick dar\u00fcber zu geben, wie man dieses Wort richtig verwendet. Auf diese Weise haben wir sichergestellt, dass alle unsere Bewertungen f\u00fcr Sie richtig sind.<\/p>\n<h2>So finden Sie die richtige Website f\u00fcr Sie<\/h2>\n<p>Der beste Weg, um herauszufinden, welcher Art von Website Sie beitreten m\u00f6chten, ist, sich umzusehen. Es gibt viele verschiedene Arten von Anschlussseiten, und w\u00e4hrend einige kostenlos sind, erfordern andere eine Abonnementgeb\u00fchr. Wenn Sie daran interessiert sind, jemanden f\u00fcr einen One-Night-Stand zu finden, versuchen Sie es mit einem maturbate.com-Konto, in dem Sie Profile durchsuchen und Nachrichten senden k\u00f6nnen, ohne etwas zu bezahlen. Wenn Sie lieber Leute online treffen und auf Dates gehen m\u00f6chten, schauen Sie sich SeekingArrangement.com, OKCupid, Match.com, AdultFriendFinder.com und PlentyOfFish.com an. Jede Website bietet etwas anderes an, daher liegt es an Ihnen zu entscheiden, welche f\u00fcr Sie am besten geeignet ist.<\/p>\n","protected":false},"excerpt":{"rendered":"<p>Das Internet ist voll von Menschen, die Liebe, Sex, Kameradschaft oder einfach nur Spa\u00df suchen und beste kostenlose dating apps. Egal, ob Sie auf Dates gehen, sich online treffen oder einfach nur zuf\u00e4llige Begegnungen genie\u00dfen m\u00f6chten, es gibt viele M\u00f6glichkeiten, Gleichgesinnte zu finden. Die Dinge sind jedoch nicht immer so einfach, wie sie scheinen. Es &#8230; <a title=\"Erste Schritte mit Casual Dating Websites\" class=\"read-more\" href=\"https:\/\/cuendet.com\/de\/\" aria-label=\"Mehr dazu unter Erste Schritte mit Casual Dating Websites\">Weiterlesen<\/a><\/p>\n","protected":false},"author":1,"featured_media":78,"parent":0,"menu_order":0,"comment_status":"closed","ping_status":"closed","template":"","meta":[],"yoast_head":"<!-- This site is optimized with the Yoast SEO plugin v17.7.1 - https:\/\/yoast.com\/wordpress\/plugins\/seo\/ -->\n<title>Erste Schritte mit Casual Dating Websites - Dating Reviews<\/title>\n<meta name=\"robots\" content=\"index, follow, max-snippet:-1, max-image-preview:large, max-video-preview:-1\" \/>\n<link rel=\"canonical\" href=\"https:\/\/cuendet.com\/de\/\" \/>\n<meta property=\"og:locale\" content=\"de_DE\" \/>\n<meta property=\"og:type\" content=\"article\" \/>\n<meta property=\"og:title\" content=\"Erste Schritte mit Casual Dating Websites - Dating Reviews\" \/>\n<meta property=\"og:description\" content=\"Das Internet ist voll von Menschen, die Liebe, Sex, Kameradschaft oder einfach nur Spa\u00df suchen und beste kostenlose dating apps. Egal, ob Sie auf Dates gehen, sich online treffen oder einfach nur zuf\u00e4llige Begegnungen genie\u00dfen m\u00f6chten, es gibt viele M\u00f6glichkeiten, Gleichgesinnte zu finden. Die Dinge sind jedoch nicht immer so einfach, wie sie scheinen. Es ... Weiterlesen\" \/>\n<meta property=\"og:url\" content=\"https:\/\/cuendet.com\/de\/\" \/>\n<meta property=\"og:site_name\" content=\"Dating Network\" \/>\n<meta property=\"article:modified_time\" content=\"2022-12-14T15:19:00+00:00\" \/>\n<meta property=\"og:image\" content=\"https:\/\/cuendet.com\/wp-content\/uploads\/2022\/09\/adult-hookup-reviews.jpeg\" \/>\n\t<meta property=\"og:image:width\" content=\"2250\" \/>\n\t<meta property=\"og:image:height\" content=\"1500\" \/>\n<meta name=\"twitter:card\" content=\"summary_large_image\" \/>\n<meta name=\"twitter:label1\" content=\"Gesch\u00e4tzte Lesezeit\" \/>\n\t<meta name=\"twitter:data1\" content=\"8\u00a0Minuten\" \/>\n<script type=\"application\/ld+json\" class=\"yoast-schema-graph\">{\"@context\":\"https:\/\/schema.org\",\"@graph\":[{\"@type\":\"WebSite\",\"@id\":\"https:\/\/cuendet.com\/de\/#website\",\"url\":\"https:\/\/cuendet.com\/de\/\",\"name\":\"Dating Network\",\"description\":\"Local Guides\",\"potentialAction\":[{\"@type\":\"SearchAction\",\"target\":{\"@type\":\"EntryPoint\",\"urlTemplate\":\"https:\/\/cuendet.com\/de\/?s={search_term_string}\"},\"query-input\":\"required name=search_term_string\"}],\"inLanguage\":\"de\"},{\"@type\":\"ImageObject\",\"@id\":\"https:\/\/cuendet.com\/de\/#primaryimage\",\"inLanguage\":\"de\",\"url\":\"https:\/\/cuendet.com\/wp-content\/uploads\/2022\/09\/adult-hookup-reviews.jpeg\",\"contentUrl\":\"https:\/\/cuendet.com\/wp-content\/uploads\/2022\/09\/adult-hookup-reviews.jpeg\",\"width\":2250,\"height\":1500},{\"@type\":\"WebPage\",\"@id\":\"https:\/\/cuendet.com\/de\/#webpage\",\"url\":\"https:\/\/cuendet.com\/de\/\",\"name\":\"Erste Schritte mit Casual Dating Websites - Dating Reviews\",\"isPartOf\":{\"@id\":\"https:\/\/cuendet.com\/de\/#website\"},\"primaryImageOfPage\":{\"@id\":\"https:\/\/cuendet.com\/de\/#primaryimage\"},\"datePublished\":\"2022-09-25T14:07:55+00:00\",\"dateModified\":\"2022-12-14T15:19:00+00:00\",\"breadcrumb\":{\"@id\":\"https:\/\/cuendet.com\/de\/#breadcrumb\"},\"inLanguage\":\"de\",\"potentialAction\":[{\"@type\":\"ReadAction\",\"target\":[\"https:\/\/cuendet.com\/de\/\"]}]},{\"@type\":\"BreadcrumbList\",\"@id\":\"https:\/\/cuendet.com\/de\/#breadcrumb\",\"itemListElement\":[{\"@type\":\"ListItem\",\"position\":1,\"name\":\"Home\",\"item\":\"https:\/\/cuendet.com\/de\/\"},{\"@type\":\"ListItem\",\"position\":2,\"name\":\"Erste Schritte mit Casual Dating Websites\"}]}]}<\/script>\n<!-- \/ Yoast SEO plugin. -->","yoast_head_json":{"title":"Erste Schritte mit Casual Dating Websites - Dating Reviews","robots":{"index":"index","follow":"follow","max-snippet":"max-snippet:-1","max-image-preview":"max-image-preview:large","max-video-preview":"max-video-preview:-1"},"canonical":"https:\/\/cuendet.com\/de\/","og_locale":"de_DE","og_type":"article","og_title":"Erste Schritte mit Casual Dating Websites - Dating Reviews","og_description":"Das Internet ist voll von Menschen, die Liebe, Sex, Kameradschaft oder einfach nur Spa\u00df suchen und beste kostenlose dating apps. Egal, ob Sie auf Dates gehen, sich online treffen oder einfach nur zuf\u00e4llige Begegnungen genie\u00dfen m\u00f6chten, es gibt viele M\u00f6glichkeiten, Gleichgesinnte zu finden. Die Dinge sind jedoch nicht immer so einfach, wie sie scheinen. Es ... Weiterlesen","og_url":"https:\/\/cuendet.com\/de\/","og_site_name":"Dating Network","article_modified_time":"2022-12-14T15:19:00+00:00","og_image":[{"width":2250,"height":1500,"url":"https:\/\/cuendet.com\/wp-content\/uploads\/2022\/09\/adult-hookup-reviews.jpeg","type":"image\/jpeg"}],"twitter_card":"summary_large_image","twitter_misc":{"Gesch\u00e4tzte Lesezeit":"8\u00a0Minuten"},"schema":{"@context":"https:\/\/schema.org","@graph":[{"@type":"WebSite","@id":"https:\/\/cuendet.com\/de\/#website","url":"https:\/\/cuendet.com\/de\/","name":"Dating Network","description":"Local Guides","potentialAction":[{"@type":"SearchAction","target":{"@type":"EntryPoint","urlTemplate":"https:\/\/cuendet.com\/de\/?s={search_term_string}"},"query-input":"required name=search_term_string"}],"inLanguage":"de"},{"@type":"ImageObject","@id":"https:\/\/cuendet.com\/de\/#primaryimage","inLanguage":"de","url":"https:\/\/cuendet.com\/wp-content\/uploads\/2022\/09\/adult-hookup-reviews.jpeg","contentUrl":"https:\/\/cuendet.com\/wp-content\/uploads\/2022\/09\/adult-hookup-reviews.jpeg","width":2250,"height":1500},{"@type":"WebPage","@id":"https:\/\/cuendet.com\/de\/#webpage","url":"https:\/\/cuendet.com\/de\/","name":"Erste Schritte mit Casual Dating Websites - Dating Reviews","isPartOf":{"@id":"https:\/\/cuendet.com\/de\/#website"},"primaryImageOfPage":{"@id":"https:\/\/cuendet.com\/de\/#primaryimage"},"datePublished":"2022-09-25T14:07:55+00:00","dateModified":"2022-12-14T15:19:00+00:00","breadcrumb":{"@id":"https:\/\/cuendet.com\/de\/#breadcrumb"},"inLanguage":"de","potentialAction":[{"@type":"ReadAction","target":["https:\/\/cuendet.com\/de\/"]}]},{"@type":"BreadcrumbList","@id":"https:\/\/cuendet.com\/de\/#breadcrumb","itemListElement":[{"@type":"ListItem","position":1,"name":"Home","item":"https:\/\/cuendet.com\/de\/"},{"@type":"ListItem","position":2,"name":"Erste Schritte mit Casual Dating Websites"}]}]}},"_links":{"self":[{"href":"https:\/\/cuendet.com\/de\/wp-json\/wp\/v2\/pages\/106"}],"collection":[{"href":"https:\/\/cuendet.com\/de\/wp-json\/wp\/v2\/pages"}],"about":[{"href":"https:\/\/cuendet.com\/de\/wp-json\/wp\/v2\/types\/page"}],"author":[{"embeddable":true,"href":"https:\/\/cuendet.com\/de\/wp-json\/wp\/v2\/users\/1"}],"replies":[{"embeddable":true,"href":"https:\/\/cuendet.com\/de\/wp-json\/wp\/v2\/comments?post=106"}],"version-history":[{"count":2,"href":"https:\/\/cuendet.com\/de\/wp-json\/wp\/v2\/pages\/106\/revisions"}],"predecessor-version":[{"id":290,"href":"https:\/\/cuendet.com\/de\/wp-json\/wp\/v2\/pages\/106\/revisions\/290"}],"wp:featuredmedia":[{"embeddable":true,"href":"https:\/\/cuendet.com\/de\/wp-json\/wp\/v2\/media\/78"}],"wp:attachment":[{"href":"https:\/\/cuendet.com\/de\/wp-json\/wp\/v2\/media?parent=106"}],"curies":[{"name":"wp","href":"https:\/\/api.w.org\/{rel}","templated":true}]}}