{"id":132,"date":"2022-09-25T15:07:55","date_gmt":"2022-09-25T14:07:55","guid":{"rendered":"http:\/\/cuendet.com\/zaciname-s-prilezitostnymi-seznamovacimi-webovymi-strankami\/"},"modified":"2022-12-14T15:19:31","modified_gmt":"2022-12-14T15:19:31","slug":"zaciname-s-prilezitostnymi-seznamovacimi-webovymi-strankami","status":"publish","type":"page","link":"https:\/\/cuendet.com\/cs\/","title":{"rendered":"Za\u010d\u00edn\u00e1me s p\u0159\u00edle\u017eitostn\u00fdmi seznamovac\u00edmi webov\u00fdmi str\u00e1nkami"},"content":{"rendered":"<p>Internet je pln\u00fd lid\u00ed, kte\u0159\u00ed hledaj\u00ed l\u00e1sku, sex, spole\u010dnost nebo jen oby\u010dejnou z\u00e1bavu. A\u0165 u\u017e chcete j\u00edt ven na rande, p\u0159ipojit se online nebo si jednodu\u0161e u\u017e\u00edt p\u0159\u00edle\u017eitostn\u00e1 setk\u00e1n\u00ed, existuje spousta mo\u017enost\u00ed, jak naj\u00edt podobn\u011b sm\u00fd\u0161lej\u00edc\u00ed jednotlivce. V\u011bci v\u0161ak nejsou v\u017edy tak jednoduch\u00e9, jak se zd\u00e1. Existuje mnoho r\u016fzn\u00fdch typ\u016f seznamovac\u00edch webov\u00fdch str\u00e1nek a aplikac\u00ed a ka\u017ed\u00e1 z nich nab\u00edz\u00ed n\u011bco jedine\u010dn\u00e9ho. Nap\u0159\u00edklad n\u011bkter\u00e9 str\u00e1nky se zam\u011b\u0159uj\u00ed konkr\u00e9tn\u011b na ty, kte\u0159\u00ed hledaj\u00ed dlouhodob\u00e9 vztahy, zat\u00edmco jin\u00e9 se zam\u011b\u0159uj\u00ed na kr\u00e1tkodob\u00e9 flingy. N\u011bkte\u0159\u00ed dokonce nab\u00edzej\u00ed placen\u00e9 \u010dlenstv\u00ed, kter\u00e9 pom\u00e1h\u00e1 zajistit, \u017ee ob\u011b strany jsou spokojeny.<\/p>\n<h3>Bezpe\u010dnost<\/h3>\n<p>Zat\u00edmco v\u011bt\u0161ina webov\u00fdch str\u00e1nek a aplikac\u00ed tvrd\u00ed, \u017ee je bezpe\u010dn\u00e1, vyplat\u00ed se p\u0159ijmout preventivn\u00ed opat\u0159en\u00ed. Ve skute\u010dnosti existuje n\u011bkolik zp\u016fsob\u016f, jak se chr\u00e1nit. Za prv\u00e9, nikdy o sob\u011b neprozrazujte p\u0159\u00edli\u0161 mnoho. Pokud tak u\u010din\u00edte, m\u016f\u017eete skon\u010dit sd\u00edlen\u00edm citliv\u00fdch informac\u00ed, jako je va\u0161e adresa, telefonn\u00ed \u010d\u00edslo, e-mail nebo \u00fa\u010dty soci\u00e1ln\u00edch m\u00e9di\u00ed. To zahrnuje \u0159\u00edct komukoli, jak jste sta\u0159\u00ed nebo mlad\u00ed, zda pracujete mimo domov a cokoli jin\u00e9ho, co by v\u00e1s mohlo identifikovat. Za druh\u00e9, vyhn\u011bte se poskytov\u00e1n\u00ed p\u0159\u00edli\u0161 mnoho osobn\u00edch informac\u00ed. Nem\u011bli byste zve\u0159ej\u0148ovat sv\u00e9 fotografie bez oble\u010den\u00ed, proto\u017ee to usnad\u0148uje ciz\u00edm lidem, aby v\u00e1s poznali. Za t\u0159et\u00ed, pod\u00edvejte se na recenze webu nebo aplikace <a href=\"http:\/\/www.sexrandki.org\">www.sexrandki.org<\/a>, kterou chcete pou\u017e\u00edvat. V dne\u0161n\u00ed dob\u011b existuje spousta online zdroj\u016f, kter\u00e9 v\u00e1m umo\u017en\u00ed \u010d\u00edst zp\u011btnou vazbu od skute\u010dn\u00fdch z\u00e1kazn\u00edk\u016f. A kone\u010dn\u011b, nikdy nepla\u0165te p\u0159edem za \u010dlensk\u00e9 p\u0159\u00edsp\u011bvky. M\u00edsto toho se zaregistrujte k bezplatn\u00fdm zku\u0161ebn\u00edm verz\u00edm a uvid\u00edte, jak se c\u00edt\u00edte o z\u00e1\u017eitku. Pokud nespl\u0148uje va\u0161e o\u010dek\u00e1v\u00e1n\u00ed, okam\u017eit\u011b zru\u0161te sv\u016fj \u00fa\u010det.<\/p>\n<h2>Jak funguj\u00ed seznamovac\u00ed weby<\/h2>\n<p>Internet poskytuje mnoho p\u0159\u00edle\u017eitost\u00ed pro lidi, aby na\u0161li l\u00e1sku, romantiku, p\u0159\u00e1telstv\u00ed a dokonce i p\u0159\u00edle\u017eitostn\u00fd sex. Existuj\u00ed v\u0161ak r\u016fzn\u00e9 typy seznamovac\u00edch aplikac\u00ed, n\u011bkter\u00e9 zdarma, zat\u00edmco jin\u00e9 \u00fa\u010dtuj\u00ed pen\u00edze. Existuj\u00ed tak\u00e9 str\u00e1nky, kde se m\u016f\u017eete s n\u011bk\u00fdm setkat, ani\u017e byste museli platit v\u016fbec nic. Ka\u017ed\u00fd typ webu nab\u00edz\u00ed n\u011bco jedine\u010dn\u00e9ho, a\u0165 u\u017e je to jednoduch\u00fd zp\u016fsob chatu nebo plnohodnotn\u00fd n\u00e1stroj pro tvorbu t\u00fdm\u016f. Jak\u00fd je tedy p\u0159esn\u011b rozd\u00edl mezi bezplatn\u00fdmi a placen\u00fdmi str\u00e1nkami? Poj\u010fme se na to pod\u00edvat.<\/p>\n<h2>P\u0159\u00edru\u010dka<\/h2>\n<p>P\u0159ipojen\u00ed jsou st\u00e1le popul\u00e1rn\u011bj\u0161\u00ed mezi mileni\u00e1ly, kte\u0159\u00ed hledaj\u00ed p\u0159\u00edle\u017eitostn\u00fd sex. Ale naj\u00edt n\u011bkoho, kdo je ochoten se setkat, nen\u00ed v\u017edy snadn\u00e9. N\u011bkte\u0159\u00ed lid\u00e9 d\u00e1vaj\u00ed p\u0159ednost setk\u00e1n\u00ed s ciz\u00edmi lidmi online, zat\u00edmco jin\u00ed cht\u011bj\u00ed naj\u00edt podobn\u011b sm\u00fd\u0161lej\u00edc\u00ed p\u0159\u00e1tele. To je m\u00edsto, kde seznamovac\u00ed aplikace vstupuj\u00ed do hry.<\/p>\n<p>Pod\u00edvali jsme se na n\u011bkolik r\u016fzn\u00fdch typ\u016f seznamovac\u00edch aplikac\u00ed a webov\u00fdch str\u00e1nek pro dosp\u011bl\u00e9, abychom zjistili, co d\u011bl\u00e1 ka\u017ed\u00fd z nich vyniknout.<\/p>\n<h3>Pof<\/h3>\n<p>V roce 2017 z\u00edskala spole\u010dnost Match Group PlentyOfFish za 575 milion\u016f dolar\u016f. Nyn\u00ed se sna\u017e\u00ed ud\u011blat dal\u0161\u00ed akvizici &#8211; tentokr\u00e1t zam\u011b\u0159enou na pomoc lidem naj\u00edt l\u00e1sku. V \u00fater\u00fd seznamovac\u00ed gigant ozn\u00e1mil, \u017ee z\u00edskal kolo financov\u00e1n\u00ed veden\u00e9 Goldman Sachs, co\u017e p\u0159ineslo 50 milion\u016f dolar\u016f.<\/p>\n<p>Spole\u010dnost \u0159\u00edk\u00e1, \u017ee pl\u00e1nuje pou\u017e\u00edt pen\u00edze na vybudov\u00e1n\u00ed sv\u00e9ho pr\u00e9miov\u00e9ho \u010dlensk\u00e9ho produktu seeking.com, kter\u00fd byl spu\u0161t\u011bn v roce 2016 a nyn\u00ed se m\u016f\u017ee pochlubit v\u00edce ne\u017e 7 miliony \u010dlen\u016f. Krom\u011b standardn\u00edch funkc\u00ed, kter\u00e9 se nach\u00e1zej\u00ed na v\u011bt\u0161in\u011b seznamovac\u00edch platforem, nab\u00edz\u00ed seeking.com rozs\u00e1hlou sadu n\u00e1stroj\u016f navr\u017een\u00fdch speci\u00e1ln\u011b tak, aby pomohly lidem setkat se s ostatn\u00edmi. Web nap\u0159\u00edklad umo\u017e\u0148uje u\u017eivatel\u016fm filtrovat potenci\u00e1ln\u00ed shody na z\u00e1klad\u011b v\u011bku, pohlav\u00ed, um\u00edst\u011bn\u00ed, rodinn\u00e9ho stavu, sexu\u00e1ln\u00ed orientace, n\u00e1bo\u017eenstv\u00ed, \u00farovn\u011b vzd\u011bl\u00e1n\u00ed, v\u00fd\u0161ky, hmotnosti, z\u00e1jm\u016f a kon\u00ed\u010dk\u016f.<\/p>\n<h3>Pocit<\/h3>\n<p>Feeld je p\u0159\u00edle\u017eitostn\u00e1 seznamovac\u00ed aplikace ur\u010den\u00e1 pro lidi, kte\u0159\u00ed hledaj\u00ed l\u00e1sku v komunit\u011b LGBTQ. Aplikace umo\u017e\u0148uje proch\u00e1zet profily <a href=\"http:\/\/www.darmowe-sex-randki.com\">www.darmowe-sex-randki.com<\/a> na z\u00e1klad\u011b sexu\u00e1ln\u00ed orientace a genderov\u00e9 identity. M\u016f\u017eete nahr\u00e1vat fotografie, prohl\u00ed\u017eet si \u017eivotopisy \u010dlen\u016f a pos\u00edlat zpr\u00e1vy, ani\u017e byste museli platit cokoli p\u0159edem.<\/p>\n<p>Aplikace obsahuje \u0161irokou \u0161k\u00e1lu pohlav\u00ed a orientac\u00ed, v\u010detn\u011b bisexu\u00e1ln\u00edch, pansexu\u00e1ln\u00edch, transgender a dokonce i agender\u016f. U\u017eivatel\u00e9 si mohou vybrat, zda cht\u011bj\u00ed vid\u011bt mu\u017ee, \u017eeny, oboj\u00ed nebo ani jedno. Neexistuj\u00ed \u017e\u00e1dn\u00e1 omezen\u00ed t\u00fdkaj\u00edc\u00ed se v\u011bku, rasy, n\u00e1bo\u017eenstv\u00ed nebo um\u00edst\u011bn\u00ed.<\/p>\n<h3>Troud<\/h3>\n<p>Tinder je jednou z nejpopul\u00e1rn\u011bj\u0161\u00edch seznamovac\u00edch aplikac\u00ed. Ale nen\u00ed to zadarmo. Za pou\u017e\u00edv\u00e1n\u00ed aplikace mus\u00edte zaplatit &#8211; bu\u010f prost\u0159ednictv\u00edm pl\u00e1nu p\u0159edplatn\u00e9ho, nebo prost\u0159ednictv\u00edm placen\u00e9 verze s n\u00e1zvem Tinder Gold. Pokud si to chcete vyzkou\u0161et, tady je n\u011bkolik v\u011bc\u00ed, kter\u00e9 byste m\u011bli v\u011bd\u011bt o Tinder Gold:<\/p>\n<ul>\n<li>Tinder Gold v\u00e1m poskytuje p\u0159\u00edstup k dal\u0161\u00edm funkc\u00edm, jako je p\u0159ej\u00ed\u017ed\u011bn\u00ed doleva \/ doprava, ozna\u010den\u00ed fotografi\u00ed jako To se mi l\u00edb\u00ed a odes\u00edl\u00e1n\u00ed zpr\u00e1v.<\/li>\n<li>Existuje sedm r\u016fzn\u00fdch pl\u00e1n\u016f pro Tinder Gold, v rozmez\u00ed od $ 2.99 za m\u011bs\u00edc do $ 19.95 za m\u011bs\u00edc.<\/li>\n<li>Ka\u017ed\u00fd pl\u00e1n zahrnuje t\u0159i dny neomezen\u00fdch z\u00e1pas\u016f a nav\u00edc 10 p\u0159ejet\u00ed prstem denn\u011b.<\/li>\n<li>Po zaplacen\u00ed m\u016f\u017eete p\u0159edplatn\u00e9 kdykoliv do 30 dn\u016f zru\u0161it.<\/li>\n<li>Z va\u0161\u00ed platebn\u00ed karty nebude str\u017eena \u017e\u00e1dn\u00e1 \u010d\u00e1stka, pokud se nerozhodnete k odb\u011bru.<\/li>\n<li>M\u016f\u017eete upgradovat na Tinder Plus za $ 9.99 za m\u011bs\u00edc, co\u017e p\u0159id\u00e1v\u00e1 24 hodin pou\u017e\u00edv\u00e1n\u00ed, neomezen\u00e9 lajky a \u017e\u00e1dn\u00e9 reklamy.<\/li>\n<\/ul>\n<h3>Alt<\/h3>\n<p>Alt.com je BDSM hookup site se s\u00eddlem v San Franciscu. Nab\u00edz\u00ed bezplatn\u00e9 zku\u0161ebn\u00ed obdob\u00ed, kde m\u016f\u017eete sledovat videa a chatovat s lidmi online. M\u016f\u017eete upgradovat na placen\u00e9 p\u0159edplatn\u00e9 za $ 9.99 za m\u011bs\u00edc. To zahrnuje neomezen\u00fd p\u0159\u00edstup do knihovny porno klip\u016f a \u017eiv\u00fdch sexu\u00e1ln\u00edch po\u0159ad\u016f z webov\u00fdch kamer. Neexistuj\u00ed zde \u017e\u00e1dn\u00e9 skryt\u00e9 poplatky. Pokud chcete j\u00edt d\u00e1le do sv\u011bta v\u00fdst\u0159edn\u00edho sexu, existuje dal\u0161\u00ed \u00farove\u0148 \u010dlenstv\u00ed nazvan\u00e1 Platinum Membership. Za $ 34.99 m\u011bs\u00ed\u010dn\u011b si m\u016f\u017eete vychutnat exkluzivn\u00ed funkce, v\u010detn\u011b z\u00e1kaznick\u00e9 podpory 24\/7, pr\u00e9miov\u00fdch webov\u00fdch kamer, soukrom\u00e9ho syst\u00e9mu zas\u00edl\u00e1n\u00ed zpr\u00e1v a mnoho dal\u0161\u00edho.<\/p>\n<h3>Aff<\/h3>\n<p>Adult Friend Finder (AFF), jedna z nejstar\u0161\u00edch seznamovac\u00edch str\u00e1nek v okol\u00ed, tvrd\u00ed, \u017ee m\u00e1 v\u00edce ne\u017e 80 milion\u016f registrovan\u00fdch \u010dlen\u016f. AFF nab\u00edz\u00ed chatovac\u00ed m\u00edstnosti, n\u00e1st\u011bnky, f\u00f3ra, fotoalba, videochaty, kan\u00e1ly webov\u00fdch kamer, e-mail, rychl\u00e9 zpr\u00e1vy, mobiln\u00ed aplikace, telefonn\u00ed \u010d\u00edsla, webov\u00e9 kamery a dokonce i funkce soci\u00e1ln\u00edch s\u00edt\u00ed. Pokud chcete naj\u00edt n\u011bkoho zvl\u00e1\u0161tn\u00edho, pravd\u011bpodobn\u011b stoj\u00ed za to vyzkou\u0161et AFF.<\/p>\n<h3>AshleyMadison.com<\/h3>\n<p>AshleyMadison.com je jednou z nejv\u011bt\u0161\u00edch seznamovac\u00edch str\u00e1nek na sv\u011bt\u011b. Tvrd\u00ed, \u017ee m\u00e1 v\u00edce ne\u017e 30 milion\u016f \u010dlen\u016f po cel\u00e9m sv\u011bt\u011b a je zn\u00e1m\u00e1 t\u00edm, \u017ee je diskr\u00e9tn\u00ed o tom, co d\u011bl\u00e1. Jej\u00edm sloganem je &#8222;\u017divot je kr\u00e1tk\u00fd. M\u011bj pom\u011br.&#8220;<\/p>\n<p>Str\u00e1nka umo\u017e\u0148uje lidem vyhled\u00e1vat ostatn\u00ed na z\u00e1klad\u011b polohy a z\u00e1jm\u016f. M\u016f\u017eete proch\u00e1zet profily a pos\u00edlat zpr\u00e1vy zdarma. Pokud v\u0161ak chcete d\u011blat v\u00edc ne\u017e jen mluvit online, m\u016f\u017eete zaplatit za upgrade na r\u016fzn\u00e9 \u00farovn\u011b \u010dlenstv\u00ed. Existuj\u00ed t\u0159i \u00farovn\u011b: Z\u00e1kladn\u00ed ($ 19.95 \/ m\u011bs\u00edc), Silver ($ 39.95 \/ m\u011bs\u00edc), Gold ($ 69.95 \/ m\u011bs\u00edc). Ka\u017ed\u00e1 \u00farove\u0148 v\u00e1m poskytne p\u0159\u00edstup k dal\u0161\u00edm funkc\u00edm, jako jsou rychl\u00e9 zpr\u00e1vy, videochat, e-mail, telefonn\u00ed hovory a slevy na hotely.<\/p>\n<p>Web m\u016f\u017eete pou\u017e\u00edvat anonymn\u011b, ale existuj\u00ed zp\u016fsoby, jak vyniknout. Jedn\u00edm ze zp\u016fsob\u016f je zaregistrovat se pod fale\u0161n\u00fdm jm\u00e9nem. Dal\u0161\u00edm zp\u016fsobem je nahr\u00e1t svou fotografii. To v\u00e1m umo\u017en\u00ed zobrazit fotografie ostatn\u00edch, ani\u017e byste museli proch\u00e1zet pot\u00ed\u017eemi s vytv\u00e1\u0159en\u00edm \u00fa\u010dtu. Nakonec si m\u016f\u017eete zakoupit pr\u00e9miov\u00e9 \u00fa\u010dty, kter\u00e9 obsahuj\u00ed dal\u0161\u00ed v\u00fdhody, jako jsou speci\u00e1ln\u00ed nab\u00eddky na cestov\u00e1n\u00ed a d\u00e1rky.<\/p>\n<h3>SwapFinder<\/h3>\n<p>Pokud hled\u00e1te m\u00edsto, kde jsou lid\u00e9 otev\u0159eni houp\u00e1n\u00ed, nen\u00ed tam \u017e\u00e1dn\u00fd nedostatek mo\u017enost\u00ed. Ale n\u011bkter\u00e9 str\u00e1nky nejsou \u00fapln\u011b to, co se zdaj\u00ed b\u00fdt, zejm\u00e9na SwapFinder.com, bezplatn\u00e1 online seznamka, kter\u00e1 je sou\u010d\u00e1st\u00ed spole\u010dnosti Friend Finder Networks pro dosp\u011bl\u00e9.<\/p>\n<p>Str\u00e1nka tvrd\u00ed, \u017ee je nejv\u011bt\u0161\u00ed soci\u00e1ln\u00ed swingers s\u00edt\u00ed na sv\u011bt\u011b. A i kdy\u017e existuje spousta d\u016fkaz\u016f na podporu tohoto tvrzen\u00ed, je d\u016fle\u017eit\u00e9 si uv\u011bdomit, \u017ee web nen\u00ed ve skute\u010dnosti v\u016fbec provozov\u00e1n swingers. M\u00edsto toho je vlastn\u011bn stejnou mate\u0159skou spole\u010dnost\u00ed, kter\u00e1 vlastn\u00ed AdultFriendFinder.<\/p>\n<p>Co v\u00e1m mohu \u0159\u00edci o webu je, \u017ee nab\u00edz\u00ed spoustu funkc\u00ed, kter\u00e9 usnad\u0148uj\u00ed nalezen\u00ed n\u011bkoho, kdo sd\u00edl\u00ed va\u0161e preference \u017eivotn\u00edho stylu. Profily m\u016f\u017eete proch\u00e1zet na z\u00e1klad\u011b polohy, sexu\u00e1ln\u00ed orientace, v\u011bkov\u00e9ho rozmez\u00ed, pohlav\u00ed a mnoho dal\u0161\u00edho. Existuj\u00ed tak\u00e9 kategorie jako &#8222;swingers kluby&#8220;, &#8222;swinger party&#8220; a dokonce i &#8222;p\u00e1ry hledaj\u00edc\u00ed singly&#8220;.<\/p>\n<h2>Jak posuzujeme na\u0161e str\u00e1nky<\/h2>\n<p>Weby hodnot\u00edme na z\u00e1klad\u011b \u010dty\u0159 kl\u00ed\u010dov\u00fdch krit\u00e9ri\u00ed: funk\u010dnosti, vlastnost\u00ed, designu a podpory. Pe\u010dliv\u011b se pod\u00edv\u00e1me na to, jak dob\u0159e ka\u017ed\u00fd web funguje, jak\u00e9 funkce nab\u00edz\u00ed, jak snadn\u00e9 je navigovat a zda je k dispozici z\u00e1kaznick\u00e1 podpora 24 hodin denn\u011b, 7 dn\u00ed v t\u00fddnu. Nejd\u016fle\u017eit\u011bj\u0161\u00edm aspektem v\u00fdb\u011bru seznamky je nalezen\u00ed takov\u00e9, kter\u00e1 pro v\u00e1s funguje. Chcete naj\u00edt n\u011bkoho, kdo v\u00e1s m\u00e1 r\u00e1d stejn\u011b jako vy ho. To je d\u016fvod, pro\u010d testujeme ka\u017ed\u00fd jednotliv\u00fd web, kter\u00fd doporu\u010dujeme. Na\u0161i odborn\u00edci jdou nad r\u00e1mec z\u00e1kladn\u00edch metrik, jako je po\u010det \u010dlen\u016f a n\u00e1klady, a pono\u0159\u00ed se do v\u011bc\u00ed, jako je aktivita \u010dlen\u016f, zobrazen\u00ed profilu, m\u00edra zas\u00edl\u00e1n\u00ed zpr\u00e1v a dal\u0161\u00ed. Dokonce porovn\u00e1vaj\u00ed nejv\u011bt\u0161\u00ed jm\u00e9na v oboru, aby zjistili, kter\u00e9 z nich skute\u010dn\u011b vy\u010dn\u00edvaj\u00ed.<\/p>\n<p>P\u0159ipojen\u00ed je jedn\u00edm z t\u011bch term\u00edn\u016f, o kter\u00fdch sly\u0161\u00edte ka\u017ed\u00fd den, a\u0165 u\u017e v\u00e1s to zaj\u00edm\u00e1 nebo ne. Ale co p\u0159esn\u011b to znamen\u00e1? Co o tom pot\u0159ebujete v\u011bd\u011bt? Po\u017e\u00e1dali jsme na\u0161e odborn\u00edky, aby n\u00e1m poskytli p\u0159ehled o tom, jak toto slovo spr\u00e1vn\u011b pou\u017e\u00edvat. T\u00edmto zp\u016fsobem jsme se ujistili, \u017ee v\u0161echny na\u0161e recenze jsou pro v\u00e1s to prav\u00e9.<\/p>\n<h2>Jak naj\u00edt ten spr\u00e1vn\u00fd web pro v\u00e1s<\/h2>\n<p>Nejlep\u0161\u00ed zp\u016fsob, jak zjistit, k jak\u00e9mu typu webu se chcete p\u0159ipojit, je rozhl\u00e9dnout se kolem. Existuje mnoho r\u016fzn\u00fdch typ\u016f p\u0159ipojovac\u00edch web\u016f, a zat\u00edmco n\u011bkter\u00e9 jsou zdarma, jin\u00e9 vy\u017eaduj\u00ed poplatek za p\u0159edplatn\u00e9. Pokud m\u00e1te z\u00e1jem naj\u00edt n\u011bkoho na jednu noc, zkuste \u00fa\u010det maturbate.com, kde m\u016f\u017eete proch\u00e1zet profily a pos\u00edlat zpr\u00e1vy, ani\u017e byste museli cokoli platit. Pokud byste se rad\u011bji setkali s lidmi online a chodili na rande, pod\u00edvejte se na SeekingArrangement.com, OKCupid, Match.com, AdultFriendFinder.com a PlentyOfFish.com. Ka\u017ed\u00fd web nab\u00edz\u00ed n\u011bco trochu jin\u00e9ho, tak\u017ee je na v\u00e1s, abyste se rozhodli, kter\u00fd pro v\u00e1s funguje nejl\u00e9pe.<\/p>\n","protected":false},"excerpt":{"rendered":"<p>Internet je pln\u00fd lid\u00ed, kte\u0159\u00ed hledaj\u00ed l\u00e1sku, sex, spole\u010dnost nebo jen oby\u010dejnou z\u00e1bavu. A\u0165 u\u017e chcete j\u00edt ven na rande, p\u0159ipojit se online nebo si jednodu\u0161e u\u017e\u00edt p\u0159\u00edle\u017eitostn\u00e1 setk\u00e1n\u00ed, existuje spousta mo\u017enost\u00ed, jak naj\u00edt podobn\u011b sm\u00fd\u0161lej\u00edc\u00ed jednotlivce. V\u011bci v\u0161ak nejsou v\u017edy tak jednoduch\u00e9, jak se zd\u00e1. Existuje mnoho r\u016fzn\u00fdch typ\u016f seznamovac\u00edch webov\u00fdch str\u00e1nek a aplikac\u00ed &#8230; <a title=\"Za\u010d\u00edn\u00e1me s p\u0159\u00edle\u017eitostn\u00fdmi seznamovac\u00edmi webov\u00fdmi str\u00e1nkami\" class=\"read-more\" href=\"https:\/\/cuendet.com\/cs\/\" aria-label=\"V\u00edce na Za\u010d\u00edn\u00e1me s p\u0159\u00edle\u017eitostn\u00fdmi seznamovac\u00edmi webov\u00fdmi str\u00e1nkami\">\u010c\u00edst d\u00e1l<\/a><\/p>\n","protected":false},"author":1,"featured_media":75,"parent":0,"menu_order":0,"comment_status":"closed","ping_status":"closed","template":"","meta":[],"yoast_head":"<!-- This site is optimized with the Yoast SEO plugin v17.7.1 - https:\/\/yoast.com\/wordpress\/plugins\/seo\/ -->\n<title>Za\u010d\u00edn\u00e1me s p\u0159\u00edle\u017eitostn\u00fdmi seznamovac\u00edmi webov\u00fdmi str\u00e1nkami - Seznamka Recenze<\/title>\n<meta name=\"robots\" content=\"index, follow, max-snippet:-1, max-image-preview:large, max-video-preview:-1\" \/>\n<link rel=\"canonical\" href=\"https:\/\/cuendet.com\/cs\/\" \/>\n<meta property=\"og:locale\" content=\"cs_CZ\" \/>\n<meta property=\"og:type\" content=\"article\" \/>\n<meta property=\"og:title\" content=\"Za\u010d\u00edn\u00e1me s p\u0159\u00edle\u017eitostn\u00fdmi seznamovac\u00edmi webov\u00fdmi str\u00e1nkami - Seznamka Recenze\" \/>\n<meta property=\"og:description\" content=\"Internet je pln\u00fd lid\u00ed, kte\u0159\u00ed hledaj\u00ed l\u00e1sku, sex, spole\u010dnost nebo jen oby\u010dejnou z\u00e1bavu. A\u0165 u\u017e chcete j\u00edt ven na rande, p\u0159ipojit se online nebo si jednodu\u0161e u\u017e\u00edt p\u0159\u00edle\u017eitostn\u00e1 setk\u00e1n\u00ed, existuje spousta mo\u017enost\u00ed, jak naj\u00edt podobn\u011b sm\u00fd\u0161lej\u00edc\u00ed jednotlivce. V\u011bci v\u0161ak nejsou v\u017edy tak jednoduch\u00e9, jak se zd\u00e1. Existuje mnoho r\u016fzn\u00fdch typ\u016f seznamovac\u00edch webov\u00fdch str\u00e1nek a aplikac\u00ed ... \u010c\u00edst d\u00e1l\" \/>\n<meta property=\"og:url\" content=\"https:\/\/cuendet.com\/cs\/\" \/>\n<meta property=\"og:site_name\" content=\"Dating Network\" \/>\n<meta property=\"article:modified_time\" content=\"2022-12-14T15:19:31+00:00\" \/>\n<meta property=\"og:image\" content=\"https:\/\/cuendet.com\/wp-content\/uploads\/2022\/09\/adult-hookup-reviews.jpeg\" \/>\n\t<meta property=\"og:image:width\" content=\"2250\" \/>\n\t<meta property=\"og:image:height\" content=\"1500\" \/>\n<meta name=\"twitter:card\" content=\"summary_large_image\" \/>\n<meta name=\"twitter:label1\" content=\"Odhadovan\u00e1 doba \u010dten\u00ed\" \/>\n\t<meta name=\"twitter:data1\" content=\"10 minut\" \/>\n<script type=\"application\/ld+json\" class=\"yoast-schema-graph\">{\"@context\":\"https:\/\/schema.org\",\"@graph\":[{\"@type\":\"WebSite\",\"@id\":\"https:\/\/cuendet.com\/cs\/#website\",\"url\":\"https:\/\/cuendet.com\/cs\/\",\"name\":\"Dating Network\",\"description\":\"Local Guides\",\"potentialAction\":[{\"@type\":\"SearchAction\",\"target\":{\"@type\":\"EntryPoint\",\"urlTemplate\":\"https:\/\/cuendet.com\/cs\/?s={search_term_string}\"},\"query-input\":\"required name=search_term_string\"}],\"inLanguage\":\"cs\"},{\"@type\":\"ImageObject\",\"@id\":\"https:\/\/cuendet.com\/cs\/#primaryimage\",\"inLanguage\":\"cs\",\"url\":\"https:\/\/cuendet.com\/wp-content\/uploads\/2022\/09\/adult-hookup-reviews.jpeg\",\"contentUrl\":\"https:\/\/cuendet.com\/wp-content\/uploads\/2022\/09\/adult-hookup-reviews.jpeg\",\"width\":2250,\"height\":1500},{\"@type\":\"WebPage\",\"@id\":\"https:\/\/cuendet.com\/cs\/#webpage\",\"url\":\"https:\/\/cuendet.com\/cs\/\",\"name\":\"Za\\u010d\\u00edn\\u00e1me s p\\u0159\\u00edle\\u017eitostn\\u00fdmi seznamovac\\u00edmi webov\\u00fdmi str\\u00e1nkami - Seznamka Recenze\",\"isPartOf\":{\"@id\":\"https:\/\/cuendet.com\/cs\/#website\"},\"primaryImageOfPage\":{\"@id\":\"https:\/\/cuendet.com\/cs\/#primaryimage\"},\"datePublished\":\"2022-09-25T14:07:55+00:00\",\"dateModified\":\"2022-12-14T15:19:31+00:00\",\"breadcrumb\":{\"@id\":\"https:\/\/cuendet.com\/cs\/#breadcrumb\"},\"inLanguage\":\"cs\",\"potentialAction\":[{\"@type\":\"ReadAction\",\"target\":[\"https:\/\/cuendet.com\/cs\/\"]}]},{\"@type\":\"BreadcrumbList\",\"@id\":\"https:\/\/cuendet.com\/cs\/#breadcrumb\",\"itemListElement\":[{\"@type\":\"ListItem\",\"position\":1,\"name\":\"Home\",\"item\":\"https:\/\/cuendet.com\/cs\/\"},{\"@type\":\"ListItem\",\"position\":2,\"name\":\"Za\\u010d\\u00edn\\u00e1me s p\\u0159\\u00edle\\u017eitostn\\u00fdmi seznamovac\\u00edmi webov\\u00fdmi str\\u00e1nkami\"}]}]}<\/script>\n<!-- \/ Yoast SEO plugin. -->","yoast_head_json":{"title":"Za\u010d\u00edn\u00e1me s p\u0159\u00edle\u017eitostn\u00fdmi seznamovac\u00edmi webov\u00fdmi str\u00e1nkami - Seznamka Recenze","robots":{"index":"index","follow":"follow","max-snippet":"max-snippet:-1","max-image-preview":"max-image-preview:large","max-video-preview":"max-video-preview:-1"},"canonical":"https:\/\/cuendet.com\/cs\/","og_locale":"cs_CZ","og_type":"article","og_title":"Za\u010d\u00edn\u00e1me s p\u0159\u00edle\u017eitostn\u00fdmi seznamovac\u00edmi webov\u00fdmi str\u00e1nkami - Seznamka Recenze","og_description":"Internet je pln\u00fd lid\u00ed, kte\u0159\u00ed hledaj\u00ed l\u00e1sku, sex, spole\u010dnost nebo jen oby\u010dejnou z\u00e1bavu. A\u0165 u\u017e chcete j\u00edt ven na rande, p\u0159ipojit se online nebo si jednodu\u0161e u\u017e\u00edt p\u0159\u00edle\u017eitostn\u00e1 setk\u00e1n\u00ed, existuje spousta mo\u017enost\u00ed, jak naj\u00edt podobn\u011b sm\u00fd\u0161lej\u00edc\u00ed jednotlivce. V\u011bci v\u0161ak nejsou v\u017edy tak jednoduch\u00e9, jak se zd\u00e1. Existuje mnoho r\u016fzn\u00fdch typ\u016f seznamovac\u00edch webov\u00fdch str\u00e1nek a aplikac\u00ed ... \u010c\u00edst d\u00e1l","og_url":"https:\/\/cuendet.com\/cs\/","og_site_name":"Dating Network","article_modified_time":"2022-12-14T15:19:31+00:00","og_image":[{"width":2250,"height":1500,"url":"https:\/\/cuendet.com\/wp-content\/uploads\/2022\/09\/adult-hookup-reviews.jpeg","type":"image\/jpeg"}],"twitter_card":"summary_large_image","twitter_misc":{"Odhadovan\u00e1 doba \u010dten\u00ed":"10 minut"},"schema":{"@context":"https:\/\/schema.org","@graph":[{"@type":"WebSite","@id":"https:\/\/cuendet.com\/cs\/#website","url":"https:\/\/cuendet.com\/cs\/","name":"Dating Network","description":"Local Guides","potentialAction":[{"@type":"SearchAction","target":{"@type":"EntryPoint","urlTemplate":"https:\/\/cuendet.com\/cs\/?s={search_term_string}"},"query-input":"required name=search_term_string"}],"inLanguage":"cs"},{"@type":"ImageObject","@id":"https:\/\/cuendet.com\/cs\/#primaryimage","inLanguage":"cs","url":"https:\/\/cuendet.com\/wp-content\/uploads\/2022\/09\/adult-hookup-reviews.jpeg","contentUrl":"https:\/\/cuendet.com\/wp-content\/uploads\/2022\/09\/adult-hookup-reviews.jpeg","width":2250,"height":1500},{"@type":"WebPage","@id":"https:\/\/cuendet.com\/cs\/#webpage","url":"https:\/\/cuendet.com\/cs\/","name":"Za\u010d\u00edn\u00e1me s p\u0159\u00edle\u017eitostn\u00fdmi seznamovac\u00edmi webov\u00fdmi str\u00e1nkami - Seznamka Recenze","isPartOf":{"@id":"https:\/\/cuendet.com\/cs\/#website"},"primaryImageOfPage":{"@id":"https:\/\/cuendet.com\/cs\/#primaryimage"},"datePublished":"2022-09-25T14:07:55+00:00","dateModified":"2022-12-14T15:19:31+00:00","breadcrumb":{"@id":"https:\/\/cuendet.com\/cs\/#breadcrumb"},"inLanguage":"cs","potentialAction":[{"@type":"ReadAction","target":["https:\/\/cuendet.com\/cs\/"]}]},{"@type":"BreadcrumbList","@id":"https:\/\/cuendet.com\/cs\/#breadcrumb","itemListElement":[{"@type":"ListItem","position":1,"name":"Home","item":"https:\/\/cuendet.com\/cs\/"},{"@type":"ListItem","position":2,"name":"Za\u010d\u00edn\u00e1me s p\u0159\u00edle\u017eitostn\u00fdmi seznamovac\u00edmi webov\u00fdmi str\u00e1nkami"}]}]}},"_links":{"self":[{"href":"https:\/\/cuendet.com\/cs\/wp-json\/wp\/v2\/pages\/132"}],"collection":[{"href":"https:\/\/cuendet.com\/cs\/wp-json\/wp\/v2\/pages"}],"about":[{"href":"https:\/\/cuendet.com\/cs\/wp-json\/wp\/v2\/types\/page"}],"author":[{"embeddable":true,"href":"https:\/\/cuendet.com\/cs\/wp-json\/wp\/v2\/users\/1"}],"replies":[{"embeddable":true,"href":"https:\/\/cuendet.com\/cs\/wp-json\/wp\/v2\/comments?post=132"}],"version-history":[{"count":1,"href":"https:\/\/cuendet.com\/cs\/wp-json\/wp\/v2\/pages\/132\/revisions"}],"predecessor-version":[{"id":291,"href":"https:\/\/cuendet.com\/cs\/wp-json\/wp\/v2\/pages\/132\/revisions\/291"}],"wp:featuredmedia":[{"embeddable":true,"href":"https:\/\/cuendet.com\/cs\/wp-json\/wp\/v2\/media\/75"}],"wp:attachment":[{"href":"https:\/\/cuendet.com\/cs\/wp-json\/wp\/v2\/media?parent=132"}],"curies":[{"name":"wp","href":"https:\/\/api.w.org\/{rel}","templated":true}]}}